{"id":6063,"date":"2026-02-03T08:35:43","date_gmt":"2026-02-03T07:35:43","guid":{"rendered":"https:\/\/www.betatrondoo.com\/?post_type=product&#038;p=6063"},"modified":"2026-02-06T14:37:54","modified_gmt":"2026-02-06T13:37:54","slug":"t-printer-itp-83-80mm-usblanserial","status":"publish","type":"product","link":"https:\/\/www.betatrondoo.com\/sr\/product\/t-printer-itp-83-80mm-usblanserial\/","title":{"rendered":"T.PRINTER ITP-83 80mm USB+LAN+SERIAL"},"content":{"rendered":"<p>Printing width 79.5\u00b10.5mm<br \/>\nPrinting speed 260 mm\/sec<br \/>\nColor Black<br \/>\nMaximum paper diameter \u03c680mm<br \/>\nPrinting method Direct thermal<br \/>\nPrintable area 72mm (adjustable by commads)<br \/>\nDimensions 183,3\u00d7140\u00d7141,5mm (D\u00d7W\u00d7H)<br \/>\nPower Supply AC 110V\/240V, 50\uff5e60Hz<br \/>\nWeight 1 Kg<br \/>\nColumn capacity 576 dots\/line, 512 dots\/line<br \/>\nComands Compatible with ESC\/POS<br \/>\nNV Flash 256k bytes<br \/>\nCutter life 1.5 million cuts<br \/>\nInterface USB+Serial+LAN<br \/>\nInput buffer 64k bytes<br \/>\nAuto cutter Partial<br \/>\nPower source DC 24V\/2.5A<\/p>\n<p><strong>CENA: 11990 + PDV<\/strong><\/p>\n","protected":false},"excerpt":{"rendered":"<p>Printing width 79.5\u00b10.5mm<br \/>\nPrinting speed 260 mm\/sec<br \/>\nColor Black<br \/>\nMaximum paper diameter \u03c680mm<br \/>\nPrinting method Direct thermal<br \/>\nPrintable area 72mm (adjustable by commads)<br \/>\nDimensions 183,3\u00d7140\u00d7141,5mm (D\u00d7W\u00d7H)<br \/>\nPower Supply AC 110V\/240V, 50\uff5e60Hz<br \/>\nWeight 1 Kg<br \/>\nColumn capacity 576 dots\/line, 512 dots\/line<br \/>\nComands Compatible with ESC\/POS<br \/>\nNV Flash 256k bytes<br \/>\nCutter life 1.5 million cuts<br \/>\nInterface USB+Serial+LAN<br \/>\nInput buffer 64k bytes<br \/>\nAuto cutter Partial<br \/>\nPower source DC 24V\/2.5A<\/p>\n<p><strong>CENA: 11990 + PDV<\/strong><\/p>\n","protected":false},"featured_media":6064,"comment_status":"open","ping_status":"closed","template":"","meta":{"_crdt_document":"","ngg_post_thumbnail":0},"class_list":["post-6063","product","type-product","status-publish","has-post-thumbnail","hentry","product_cat-termalni","product_tag-itp-83","product_tag-itp83","product_tag-lan","product_tag-pos","product_tag-printer","product_tag-serial","product_tag-stampac","product_tag-usb","product_shipping_class-posino"],"yoast_head":"<!-- This site is optimized with the Yoast SEO plugin v27.3 - https:\/\/yoast.com\/product\/yoast-seo-wordpress\/ -->\n<title>T.PRINTER ITP-83 80mm USB+LAN+SERIAL -<\/title>\n<meta name=\"robots\" content=\"index, follow, max-snippet:-1, max-image-preview:large, max-video-preview:-1\" \/>\n<link rel=\"canonical\" href=\"https:\/\/www.betatrondoo.com\/product\/t-printer-itp-83-80mm-usblanserial\/\" \/>\n<meta property=\"og:locale\" content=\"sr_RS\" \/>\n<meta property=\"og:type\" content=\"article\" \/>\n<meta property=\"og:title\" content=\"T.PRINTER ITP-83 80mm USB+LAN+SERIAL -\" \/>\n<meta property=\"og:description\" content=\"Printing width 79.5\u00b10.5mm Printing speed 260 mm\/sec Color Black Maximum paper diameter \u03c680mm Printing method Direct thermal Printable area 72mm (adjustable by commads) Dimensions 183,3\u00d7140\u00d7141,5mm (D\u00d7W\u00d7H) Power Supply AC 110V\/240V, 50\uff5e60Hz Weight 1 Kg Column capacity 576 dots\/line, 512 dots\/line Comands Compatible with ESC\/POS NV Flash 256k bytes Cutter life 1.5 million cuts  Interface USB+Serial+LAN Input buffer 64k bytes Auto cutter Partial Power source DC 24V\/2.5A  CENA: 11990 + PDV\" \/>\n<meta property=\"og:url\" content=\"https:\/\/www.betatrondoo.com\/product\/t-printer-itp-83-80mm-usblanserial\/\" \/>\n<meta property=\"article:publisher\" content=\"http:\/\/www.facebook.com\/BetatronDoo\" \/>\n<meta property=\"article:modified_time\" content=\"2026-02-06T13:37:54+00:00\" \/>\n<meta property=\"og:image\" content=\"https:\/\/www.betatrondoo.com\/wp-content\/uploads\/2026\/02\/itp83.jpg\" \/>\n\t<meta property=\"og:image:width\" content=\"800\" \/>\n\t<meta property=\"og:image:height\" content=\"1019\" \/>\n\t<meta property=\"og:image:type\" content=\"image\/jpeg\" \/>\n<meta name=\"twitter:card\" content=\"summary_large_image\" \/>\n<meta name=\"twitter:label1\" content=\"\u041f\u0440\u043e\u0446\u0435\u045a\u0435\u043d\u043e \u0432\u0440\u0435\u043c\u0435 \u0447\u0438\u0442\u0430\u045a\u0430\" \/>\n\t<meta name=\"twitter:data1\" content=\"1 \u043c\u0438\u043d\u0443\u0442\" \/>\n<script type=\"application\/ld+json\" class=\"yoast-schema-graph\">{\"@context\":\"https:\\\/\\\/schema.org\",\"@graph\":[{\"@type\":\"WebPage\",\"@id\":\"https:\\\/\\\/www.betatrondoo.com\\\/product\\\/t-printer-itp-83-80mm-usblanserial\\\/\",\"url\":\"https:\\\/\\\/www.betatrondoo.com\\\/product\\\/t-printer-itp-83-80mm-usblanserial\\\/\",\"name\":\"T.PRINTER ITP-83 80mm USB+LAN+SERIAL -\",\"isPartOf\":{\"@id\":\"https:\\\/\\\/www.betatrondoo.com\\\/sr\\\/#website\"},\"primaryImageOfPage\":{\"@id\":\"https:\\\/\\\/www.betatrondoo.com\\\/product\\\/t-printer-itp-83-80mm-usblanserial\\\/#primaryimage\"},\"image\":{\"@id\":\"https:\\\/\\\/www.betatrondoo.com\\\/product\\\/t-printer-itp-83-80mm-usblanserial\\\/#primaryimage\"},\"thumbnailUrl\":\"https:\\\/\\\/www.betatrondoo.com\\\/wp-content\\\/uploads\\\/2026\\\/02\\\/itp83.jpg\",\"datePublished\":\"2026-02-03T07:35:43+00:00\",\"dateModified\":\"2026-02-06T13:37:54+00:00\",\"breadcrumb\":{\"@id\":\"https:\\\/\\\/www.betatrondoo.com\\\/product\\\/t-printer-itp-83-80mm-usblanserial\\\/#breadcrumb\"},\"inLanguage\":\"sr-RS\",\"potentialAction\":[{\"@type\":\"ReadAction\",\"target\":[\"https:\\\/\\\/www.betatrondoo.com\\\/product\\\/t-printer-itp-83-80mm-usblanserial\\\/\"]}]},{\"@type\":\"ImageObject\",\"inLanguage\":\"sr-RS\",\"@id\":\"https:\\\/\\\/www.betatrondoo.com\\\/product\\\/t-printer-itp-83-80mm-usblanserial\\\/#primaryimage\",\"url\":\"https:\\\/\\\/www.betatrondoo.com\\\/wp-content\\\/uploads\\\/2026\\\/02\\\/itp83.jpg\",\"contentUrl\":\"https:\\\/\\\/www.betatrondoo.com\\\/wp-content\\\/uploads\\\/2026\\\/02\\\/itp83.jpg\",\"width\":800,\"height\":1019},{\"@type\":\"BreadcrumbList\",\"@id\":\"https:\\\/\\\/www.betatrondoo.com\\\/product\\\/t-printer-itp-83-80mm-usblanserial\\\/#breadcrumb\",\"itemListElement\":[{\"@type\":\"ListItem\",\"position\":1,\"name\":\"\u041f\u043e\u0447\u0435\u0442\u043d\u0430\",\"item\":\"https:\\\/\\\/www.betatrondoo.com\\\/sr\\\/\"},{\"@type\":\"ListItem\",\"position\":2,\"name\":\"POS EQUIPMENT&amp;TV PARTS\",\"item\":\"https:\\\/\\\/www.betatrondoo.com\\\/en\\\/shop\\\/\"},{\"@type\":\"ListItem\",\"position\":3,\"name\":\"T.PRINTER ITP-83 80mm USB+LAN+SERIAL\"}]},{\"@type\":\"WebSite\",\"@id\":\"https:\\\/\\\/www.betatrondoo.com\\\/sr\\\/#website\",\"url\":\"https:\\\/\\\/www.betatrondoo.com\\\/sr\\\/\",\"name\":\"\",\"description\":\"\",\"potentialAction\":[{\"@type\":\"SearchAction\",\"target\":{\"@type\":\"EntryPoint\",\"urlTemplate\":\"https:\\\/\\\/www.betatrondoo.com\\\/sr\\\/?s={search_term_string}\"},\"query-input\":{\"@type\":\"PropertyValueSpecification\",\"valueRequired\":true,\"valueName\":\"search_term_string\"}}],\"inLanguage\":\"sr-RS\"}]}<\/script>\n<!-- \/ Yoast SEO plugin. -->","yoast_head_json":{"title":"T.PRINTER ITP-83 80mm USB+LAN+SERIAL -","robots":{"index":"index","follow":"follow","max-snippet":"max-snippet:-1","max-image-preview":"max-image-preview:large","max-video-preview":"max-video-preview:-1"},"canonical":"https:\/\/www.betatrondoo.com\/product\/t-printer-itp-83-80mm-usblanserial\/","og_locale":"sr_RS","og_type":"article","og_title":"T.PRINTER ITP-83 80mm USB+LAN+SERIAL -","og_description":"Printing width 79.5\u00b10.5mm Printing speed 260 mm\/sec Color Black Maximum paper diameter \u03c680mm Printing method Direct thermal Printable area 72mm (adjustable by commads) Dimensions 183,3\u00d7140\u00d7141,5mm (D\u00d7W\u00d7H) Power Supply AC 110V\/240V, 50\uff5e60Hz Weight 1 Kg Column capacity 576 dots\/line, 512 dots\/line Comands Compatible with ESC\/POS NV Flash 256k bytes Cutter life 1.5 million cuts  Interface USB+Serial+LAN Input buffer 64k bytes Auto cutter Partial Power source DC 24V\/2.5A  CENA: 11990 + PDV","og_url":"https:\/\/www.betatrondoo.com\/product\/t-printer-itp-83-80mm-usblanserial\/","article_publisher":"http:\/\/www.facebook.com\/BetatronDoo","article_modified_time":"2026-02-06T13:37:54+00:00","og_image":[{"width":800,"height":1019,"url":"https:\/\/www.betatrondoo.com\/wp-content\/uploads\/2026\/02\/itp83.jpg","type":"image\/jpeg"}],"twitter_card":"summary_large_image","twitter_misc":{"\u041f\u0440\u043e\u0446\u0435\u045a\u0435\u043d\u043e \u0432\u0440\u0435\u043c\u0435 \u0447\u0438\u0442\u0430\u045a\u0430":"1 \u043c\u0438\u043d\u0443\u0442"},"schema":{"@context":"https:\/\/schema.org","@graph":[{"@type":"WebPage","@id":"https:\/\/www.betatrondoo.com\/product\/t-printer-itp-83-80mm-usblanserial\/","url":"https:\/\/www.betatrondoo.com\/product\/t-printer-itp-83-80mm-usblanserial\/","name":"T.PRINTER ITP-83 80mm USB+LAN+SERIAL -","isPartOf":{"@id":"https:\/\/www.betatrondoo.com\/sr\/#website"},"primaryImageOfPage":{"@id":"https:\/\/www.betatrondoo.com\/product\/t-printer-itp-83-80mm-usblanserial\/#primaryimage"},"image":{"@id":"https:\/\/www.betatrondoo.com\/product\/t-printer-itp-83-80mm-usblanserial\/#primaryimage"},"thumbnailUrl":"https:\/\/www.betatrondoo.com\/wp-content\/uploads\/2026\/02\/itp83.jpg","datePublished":"2026-02-03T07:35:43+00:00","dateModified":"2026-02-06T13:37:54+00:00","breadcrumb":{"@id":"https:\/\/www.betatrondoo.com\/product\/t-printer-itp-83-80mm-usblanserial\/#breadcrumb"},"inLanguage":"sr-RS","potentialAction":[{"@type":"ReadAction","target":["https:\/\/www.betatrondoo.com\/product\/t-printer-itp-83-80mm-usblanserial\/"]}]},{"@type":"ImageObject","inLanguage":"sr-RS","@id":"https:\/\/www.betatrondoo.com\/product\/t-printer-itp-83-80mm-usblanserial\/#primaryimage","url":"https:\/\/www.betatrondoo.com\/wp-content\/uploads\/2026\/02\/itp83.jpg","contentUrl":"https:\/\/www.betatrondoo.com\/wp-content\/uploads\/2026\/02\/itp83.jpg","width":800,"height":1019},{"@type":"BreadcrumbList","@id":"https:\/\/www.betatrondoo.com\/product\/t-printer-itp-83-80mm-usblanserial\/#breadcrumb","itemListElement":[{"@type":"ListItem","position":1,"name":"\u041f\u043e\u0447\u0435\u0442\u043d\u0430","item":"https:\/\/www.betatrondoo.com\/sr\/"},{"@type":"ListItem","position":2,"name":"POS EQUIPMENT&amp;TV PARTS","item":"https:\/\/www.betatrondoo.com\/en\/shop\/"},{"@type":"ListItem","position":3,"name":"T.PRINTER ITP-83 80mm USB+LAN+SERIAL"}]},{"@type":"WebSite","@id":"https:\/\/www.betatrondoo.com\/sr\/#website","url":"https:\/\/www.betatrondoo.com\/sr\/","name":"","description":"","potentialAction":[{"@type":"SearchAction","target":{"@type":"EntryPoint","urlTemplate":"https:\/\/www.betatrondoo.com\/sr\/?s={search_term_string}"},"query-input":{"@type":"PropertyValueSpecification","valueRequired":true,"valueName":"search_term_string"}}],"inLanguage":"sr-RS"}]}},"_links":{"self":[{"href":"https:\/\/www.betatrondoo.com\/sr\/wp-json\/wp\/v2\/product\/6063","targetHints":{"allow":["GET"]}}],"collection":[{"href":"https:\/\/www.betatrondoo.com\/sr\/wp-json\/wp\/v2\/product"}],"about":[{"href":"https:\/\/www.betatrondoo.com\/sr\/wp-json\/wp\/v2\/types\/product"}],"replies":[{"embeddable":true,"href":"https:\/\/www.betatrondoo.com\/sr\/wp-json\/wp\/v2\/comments?post=6063"}],"wp:featuredmedia":[{"embeddable":true,"href":"https:\/\/www.betatrondoo.com\/sr\/wp-json\/wp\/v2\/media\/6064"}],"wp:attachment":[{"href":"https:\/\/www.betatrondoo.com\/sr\/wp-json\/wp\/v2\/media?parent=6063"}],"curies":[{"name":"wp","href":"https:\/\/api.w.org\/{rel}","templated":true}]}}