{"id":6046,"date":"2026-01-31T15:16:10","date_gmt":"2026-01-31T14:16:10","guid":{"rendered":"https:\/\/www.betatrondoo.com\/?post_type=product&#038;p=6046"},"modified":"2026-02-06T14:38:17","modified_gmt":"2026-02-06T13:38:17","slug":"pos-ve1500wp-i5-8gb-ram-256gb-ssd-15inch-wifibluetooth-foldable-stand","status":"publish","type":"product","link":"https:\/\/www.betatrondoo.com\/sr\/product\/pos-ve1500wp-i5-8gb-ram-256gb-ssd-15inch-wifibluetooth-foldable-stand\/","title":{"rendered":"POS VE1500WP i5 8GB RAM 256GB SSD 15inch WiFi&#038;Bluetooth foldable stand"},"content":{"rendered":"<p>VE1500-V i5 CPU POS sa sklopivim postoljem<br \/>\n\u2027 P-CAP Touch LCD &#038; Touch <\/p>\n<p>\u2027 Sklopivi POS u kombinaciji sa vi\u0161ejezgarnim i5 CPU- pru\u017ea moc\u0301ne performanse.<\/p>\n<p>\u2027 Dolazi sa sklopivim postoljem, pogodnim za prodajno mesto<\/p>\n<p>\u2027 Hla\u0111enje je bez ventilatora uz optimizaciju efekta odvo\u0111enja toplote i be\u0161uman rad<\/p>\n<p>\u2027 Podesiva visina POS displeja i uglovi gledanja za u\u0161tedu zapremine pakovanja i smanjenje tro\u0161kova isporuke.<\/p>\n<p>15-in\u010dni sklopivi POS VE1500 je dizajniran bez ventilatora i obezbe\u0111uje tih rad tokom upotrebe. Njegova fleksibilnost i moc\u0301ne performanse \u010dine ga svestranim ure\u0111ajem koji se mo\u017ee prilagoditi specifi\u010dnim poslovnim potrebama.<\/p>\n<p>Jedna od klju\u010dnih karakteristika ovog POS ure\u0111aja VE1500 je njegova podesiva visina ekrana i uglovi gledanja. Ovo ne samo da poma\u017ee u optimizaciji efekta prikaza, vec\u0301 i \u0161tedi na zapremini pakovanja i smanjuje tro\u0161kove transporta. Ugra\u0111ena RAM memorija je 8GB i SSD 256GB pru\u017ea dovoljno prostora za skladi\u0161tenje va\u0161ih poslovnih podataka.<\/p>\n<p>Pro\u0161ireni USB portovi su postavljeni sa strane. Po va\u0161oj \u017eelji mogu da se dodaju sekundarni ekrani od 8\u201c ili 9,7\u201c.<\/p>\n<p>POS terminal je opremljen zvu\u010dnicima, Bluetooth, Wi-Fi, OPOS portom za kase i podr\u0161kom za PoE LAN. Ovo sveobuhvatno re\u0161enje za povezivanje obezbe\u0111uje besprekornu integraciju sa va\u0161im postojec\u0301im sistemima.<\/p>\n","protected":false},"excerpt":{"rendered":"<p>Processors Intel\u00aeCore\u2122i5-4300U<br \/>\nMemory DDR3 8GB<br \/>\nStorage mSATA SSD 256GB<br \/>\nDISPLAY Size 15-Inch(15.6-lnch optional)<br \/>\nTouchscreen P-CAP Touch LCD<br \/>\nStand Type Stable Stand \/ Folding Stand<\/p>\n<p><strong>CENA: 69990 + PDV<\/strong><\/p>\n","protected":false},"featured_media":6047,"comment_status":"open","ping_status":"closed","template":"","meta":{"_crdt_document":"","ngg_post_thumbnail":0},"class_list":["post-6046","product","type-product","status-publish","has-post-thumbnail","hentry","product_cat-allinone","product_tag-1043","product_tag-256gb","product_tag-8gb","product_tag-all-in-one","product_tag-foldable","product_tag-i5","product_tag-pos","product_tag-ve1500wp","product_tag-wifi","product_shipping_class-posino"],"yoast_head":"<!-- This site is optimized with the Yoast SEO plugin v27.3 - https:\/\/yoast.com\/product\/yoast-seo-wordpress\/ -->\n<title>POS VE1500WP i5 8GB RAM 256GB SSD 15inch WiFi&amp;Bluetooth foldable stand -<\/title>\n<meta name=\"robots\" content=\"index, follow, max-snippet:-1, max-image-preview:large, max-video-preview:-1\" \/>\n<link rel=\"canonical\" href=\"https:\/\/www.betatrondoo.com\/product\/pos-ve1500wp-i5-8gb-ram-256gb-ssd-15inch-wifibluetooth-foldable-stand\/\" \/>\n<meta property=\"og:locale\" content=\"sr_RS\" \/>\n<meta property=\"og:type\" content=\"article\" \/>\n<meta property=\"og:title\" content=\"POS VE1500WP i5 8GB RAM 256GB SSD 15inch WiFi&amp;Bluetooth foldable stand -\" \/>\n<meta property=\"og:description\" content=\"Processors Intel\u00aeCore\u2122i5-4300U Memory DDR3 8GB Storage mSATA SSD 256GB DISPLAY Size 15-Inch(15.6-lnch optional) Touchscreen P-CAP Touch LCD Stand Type Stable Stand \/ Folding Stand  CENA: 69990 + PDV\" \/>\n<meta property=\"og:url\" content=\"https:\/\/www.betatrondoo.com\/product\/pos-ve1500wp-i5-8gb-ram-256gb-ssd-15inch-wifibluetooth-foldable-stand\/\" \/>\n<meta property=\"article:publisher\" content=\"http:\/\/www.facebook.com\/BetatronDoo\" \/>\n<meta property=\"article:modified_time\" content=\"2026-02-06T13:38:17+00:00\" \/>\n<meta property=\"og:image\" content=\"https:\/\/www.betatrondoo.com\/wp-content\/uploads\/2026\/01\/ve1500.jpg\" \/>\n\t<meta property=\"og:image:width\" content=\"1280\" \/>\n\t<meta property=\"og:image:height\" content=\"960\" \/>\n\t<meta property=\"og:image:type\" content=\"image\/jpeg\" \/>\n<meta name=\"twitter:card\" content=\"summary_large_image\" \/>\n<meta name=\"twitter:label1\" content=\"\u041f\u0440\u043e\u0446\u0435\u045a\u0435\u043d\u043e \u0432\u0440\u0435\u043c\u0435 \u0447\u0438\u0442\u0430\u045a\u0430\" \/>\n\t<meta name=\"twitter:data1\" content=\"2 \u043c\u0438\u043d\u0443\u0442\u0430\" \/>\n<script type=\"application\/ld+json\" class=\"yoast-schema-graph\">{\"@context\":\"https:\\\/\\\/schema.org\",\"@graph\":[{\"@type\":\"WebPage\",\"@id\":\"https:\\\/\\\/www.betatrondoo.com\\\/product\\\/pos-ve1500wp-i5-8gb-ram-256gb-ssd-15inch-wifibluetooth-foldable-stand\\\/\",\"url\":\"https:\\\/\\\/www.betatrondoo.com\\\/product\\\/pos-ve1500wp-i5-8gb-ram-256gb-ssd-15inch-wifibluetooth-foldable-stand\\\/\",\"name\":\"POS VE1500WP i5 8GB RAM 256GB SSD 15inch WiFi&Bluetooth foldable stand -\",\"isPartOf\":{\"@id\":\"https:\\\/\\\/www.betatrondoo.com\\\/sr\\\/#website\"},\"primaryImageOfPage\":{\"@id\":\"https:\\\/\\\/www.betatrondoo.com\\\/product\\\/pos-ve1500wp-i5-8gb-ram-256gb-ssd-15inch-wifibluetooth-foldable-stand\\\/#primaryimage\"},\"image\":{\"@id\":\"https:\\\/\\\/www.betatrondoo.com\\\/product\\\/pos-ve1500wp-i5-8gb-ram-256gb-ssd-15inch-wifibluetooth-foldable-stand\\\/#primaryimage\"},\"thumbnailUrl\":\"https:\\\/\\\/www.betatrondoo.com\\\/wp-content\\\/uploads\\\/2026\\\/01\\\/ve1500.jpg\",\"datePublished\":\"2026-01-31T14:16:10+00:00\",\"dateModified\":\"2026-02-06T13:38:17+00:00\",\"breadcrumb\":{\"@id\":\"https:\\\/\\\/www.betatrondoo.com\\\/product\\\/pos-ve1500wp-i5-8gb-ram-256gb-ssd-15inch-wifibluetooth-foldable-stand\\\/#breadcrumb\"},\"inLanguage\":\"sr-RS\",\"potentialAction\":[{\"@type\":\"ReadAction\",\"target\":[\"https:\\\/\\\/www.betatrondoo.com\\\/product\\\/pos-ve1500wp-i5-8gb-ram-256gb-ssd-15inch-wifibluetooth-foldable-stand\\\/\"]}]},{\"@type\":\"ImageObject\",\"inLanguage\":\"sr-RS\",\"@id\":\"https:\\\/\\\/www.betatrondoo.com\\\/product\\\/pos-ve1500wp-i5-8gb-ram-256gb-ssd-15inch-wifibluetooth-foldable-stand\\\/#primaryimage\",\"url\":\"https:\\\/\\\/www.betatrondoo.com\\\/wp-content\\\/uploads\\\/2026\\\/01\\\/ve1500.jpg\",\"contentUrl\":\"https:\\\/\\\/www.betatrondoo.com\\\/wp-content\\\/uploads\\\/2026\\\/01\\\/ve1500.jpg\",\"width\":1280,\"height\":960},{\"@type\":\"BreadcrumbList\",\"@id\":\"https:\\\/\\\/www.betatrondoo.com\\\/product\\\/pos-ve1500wp-i5-8gb-ram-256gb-ssd-15inch-wifibluetooth-foldable-stand\\\/#breadcrumb\",\"itemListElement\":[{\"@type\":\"ListItem\",\"position\":1,\"name\":\"\u041f\u043e\u0447\u0435\u0442\u043d\u0430\",\"item\":\"https:\\\/\\\/www.betatrondoo.com\\\/sr\\\/\"},{\"@type\":\"ListItem\",\"position\":2,\"name\":\"POS EQUIPMENT&amp;TV PARTS\",\"item\":\"https:\\\/\\\/www.betatrondoo.com\\\/en\\\/shop\\\/\"},{\"@type\":\"ListItem\",\"position\":3,\"name\":\"POS VE1500WP i5 8GB RAM 256GB SSD 15inch WiFi&#038;Bluetooth foldable stand\"}]},{\"@type\":\"WebSite\",\"@id\":\"https:\\\/\\\/www.betatrondoo.com\\\/sr\\\/#website\",\"url\":\"https:\\\/\\\/www.betatrondoo.com\\\/sr\\\/\",\"name\":\"\",\"description\":\"\",\"potentialAction\":[{\"@type\":\"SearchAction\",\"target\":{\"@type\":\"EntryPoint\",\"urlTemplate\":\"https:\\\/\\\/www.betatrondoo.com\\\/sr\\\/?s={search_term_string}\"},\"query-input\":{\"@type\":\"PropertyValueSpecification\",\"valueRequired\":true,\"valueName\":\"search_term_string\"}}],\"inLanguage\":\"sr-RS\"}]}<\/script>\n<!-- \/ Yoast SEO plugin. -->","yoast_head_json":{"title":"POS VE1500WP i5 8GB RAM 256GB SSD 15inch WiFi&Bluetooth foldable stand -","robots":{"index":"index","follow":"follow","max-snippet":"max-snippet:-1","max-image-preview":"max-image-preview:large","max-video-preview":"max-video-preview:-1"},"canonical":"https:\/\/www.betatrondoo.com\/product\/pos-ve1500wp-i5-8gb-ram-256gb-ssd-15inch-wifibluetooth-foldable-stand\/","og_locale":"sr_RS","og_type":"article","og_title":"POS VE1500WP i5 8GB RAM 256GB SSD 15inch WiFi&Bluetooth foldable stand -","og_description":"Processors Intel\u00aeCore\u2122i5-4300U Memory DDR3 8GB Storage mSATA SSD 256GB DISPLAY Size 15-Inch(15.6-lnch optional) Touchscreen P-CAP Touch LCD Stand Type Stable Stand \/ Folding Stand  CENA: 69990 + PDV","og_url":"https:\/\/www.betatrondoo.com\/product\/pos-ve1500wp-i5-8gb-ram-256gb-ssd-15inch-wifibluetooth-foldable-stand\/","article_publisher":"http:\/\/www.facebook.com\/BetatronDoo","article_modified_time":"2026-02-06T13:38:17+00:00","og_image":[{"width":1280,"height":960,"url":"https:\/\/www.betatrondoo.com\/wp-content\/uploads\/2026\/01\/ve1500.jpg","type":"image\/jpeg"}],"twitter_card":"summary_large_image","twitter_misc":{"\u041f\u0440\u043e\u0446\u0435\u045a\u0435\u043d\u043e \u0432\u0440\u0435\u043c\u0435 \u0447\u0438\u0442\u0430\u045a\u0430":"2 \u043c\u0438\u043d\u0443\u0442\u0430"},"schema":{"@context":"https:\/\/schema.org","@graph":[{"@type":"WebPage","@id":"https:\/\/www.betatrondoo.com\/product\/pos-ve1500wp-i5-8gb-ram-256gb-ssd-15inch-wifibluetooth-foldable-stand\/","url":"https:\/\/www.betatrondoo.com\/product\/pos-ve1500wp-i5-8gb-ram-256gb-ssd-15inch-wifibluetooth-foldable-stand\/","name":"POS VE1500WP i5 8GB RAM 256GB SSD 15inch WiFi&Bluetooth foldable stand -","isPartOf":{"@id":"https:\/\/www.betatrondoo.com\/sr\/#website"},"primaryImageOfPage":{"@id":"https:\/\/www.betatrondoo.com\/product\/pos-ve1500wp-i5-8gb-ram-256gb-ssd-15inch-wifibluetooth-foldable-stand\/#primaryimage"},"image":{"@id":"https:\/\/www.betatrondoo.com\/product\/pos-ve1500wp-i5-8gb-ram-256gb-ssd-15inch-wifibluetooth-foldable-stand\/#primaryimage"},"thumbnailUrl":"https:\/\/www.betatrondoo.com\/wp-content\/uploads\/2026\/01\/ve1500.jpg","datePublished":"2026-01-31T14:16:10+00:00","dateModified":"2026-02-06T13:38:17+00:00","breadcrumb":{"@id":"https:\/\/www.betatrondoo.com\/product\/pos-ve1500wp-i5-8gb-ram-256gb-ssd-15inch-wifibluetooth-foldable-stand\/#breadcrumb"},"inLanguage":"sr-RS","potentialAction":[{"@type":"ReadAction","target":["https:\/\/www.betatrondoo.com\/product\/pos-ve1500wp-i5-8gb-ram-256gb-ssd-15inch-wifibluetooth-foldable-stand\/"]}]},{"@type":"ImageObject","inLanguage":"sr-RS","@id":"https:\/\/www.betatrondoo.com\/product\/pos-ve1500wp-i5-8gb-ram-256gb-ssd-15inch-wifibluetooth-foldable-stand\/#primaryimage","url":"https:\/\/www.betatrondoo.com\/wp-content\/uploads\/2026\/01\/ve1500.jpg","contentUrl":"https:\/\/www.betatrondoo.com\/wp-content\/uploads\/2026\/01\/ve1500.jpg","width":1280,"height":960},{"@type":"BreadcrumbList","@id":"https:\/\/www.betatrondoo.com\/product\/pos-ve1500wp-i5-8gb-ram-256gb-ssd-15inch-wifibluetooth-foldable-stand\/#breadcrumb","itemListElement":[{"@type":"ListItem","position":1,"name":"\u041f\u043e\u0447\u0435\u0442\u043d\u0430","item":"https:\/\/www.betatrondoo.com\/sr\/"},{"@type":"ListItem","position":2,"name":"POS EQUIPMENT&amp;TV PARTS","item":"https:\/\/www.betatrondoo.com\/en\/shop\/"},{"@type":"ListItem","position":3,"name":"POS VE1500WP i5 8GB RAM 256GB SSD 15inch WiFi&#038;Bluetooth foldable stand"}]},{"@type":"WebSite","@id":"https:\/\/www.betatrondoo.com\/sr\/#website","url":"https:\/\/www.betatrondoo.com\/sr\/","name":"","description":"","potentialAction":[{"@type":"SearchAction","target":{"@type":"EntryPoint","urlTemplate":"https:\/\/www.betatrondoo.com\/sr\/?s={search_term_string}"},"query-input":{"@type":"PropertyValueSpecification","valueRequired":true,"valueName":"search_term_string"}}],"inLanguage":"sr-RS"}]}},"_links":{"self":[{"href":"https:\/\/www.betatrondoo.com\/sr\/wp-json\/wp\/v2\/product\/6046","targetHints":{"allow":["GET"]}}],"collection":[{"href":"https:\/\/www.betatrondoo.com\/sr\/wp-json\/wp\/v2\/product"}],"about":[{"href":"https:\/\/www.betatrondoo.com\/sr\/wp-json\/wp\/v2\/types\/product"}],"replies":[{"embeddable":true,"href":"https:\/\/www.betatrondoo.com\/sr\/wp-json\/wp\/v2\/comments?post=6046"}],"wp:featuredmedia":[{"embeddable":true,"href":"https:\/\/www.betatrondoo.com\/sr\/wp-json\/wp\/v2\/media\/6047"}],"wp:attachment":[{"href":"https:\/\/www.betatrondoo.com\/sr\/wp-json\/wp\/v2\/media?parent=6046"}],"curies":[{"name":"wp","href":"https:\/\/api.w.org\/{rel}","templated":true}]}}