{"id":221,"date":"2016-03-15T15:20:46","date_gmt":"2016-03-15T14:20:46","guid":{"rendered":"http:\/\/localhost\/?page_id=221"},"modified":"2022-11-25T10:22:55","modified_gmt":"2022-11-25T09:22:55","slug":"proizvodnja","status":"publish","type":"page","link":"https:\/\/www.betatrondoo.com\/sr\/proizvodnja\/","title":{"rendered":"PROIZVODNJA"},"content":{"rendered":"<p><\/p>\n<h2 style=\"text-align: center; font-family: 'Dosis', sans-serif; font-size: 40px;\"><strong>Ako otvarate prodavnicu ili pro\u0161irujete svoj asortiman, na pravom ste mestu. <\/strong><\/h2>\n<h4 style=\"text-align: center;\"><span style=\"color: #333333;\"><strong><em><span style=\"font-family: Dosis, sans-serif; font-size: 21px;\">Betatron doo proizvodi reklamnu galanteriju i bordove za izlaganje audio-video uredjaja(radio ure\u0111aja za kola, navigacija,televizora&#8230;)<\/span><\/em><\/strong><\/span><\/h4>\n<div id='gallery-1' class='gallery galleryid-221 gallery-columns-3 gallery-size-medium'><figure class='gallery-item'>\n\t\t\t<div class='gallery-icon portrait'>\n\t\t\t\t<img loading=\"lazy\" decoding=\"async\" width=\"147\" height=\"300\" src=\"https:\/\/www.betatrondoo.com\/wp-content\/uploads\/2016\/03\/polica-za-izlaganje-4-147x300.png\" class=\"attachment-medium size-medium\" alt=\"\" srcset=\"https:\/\/www.betatrondoo.com\/wp-content\/uploads\/2016\/03\/polica-za-izlaganje-4-147x300.png 147w, https:\/\/www.betatrondoo.com\/wp-content\/uploads\/2016\/03\/polica-za-izlaganje-4.png 230w\" sizes=\"auto, (max-width: 147px) 100vw, 147px\" \/>\n\t\t\t<\/div><\/figure><figure class='gallery-item'>\n\t\t\t<div class='gallery-icon portrait'>\n\t\t\t\t<img loading=\"lazy\" decoding=\"async\" width=\"206\" height=\"300\" src=\"https:\/\/www.betatrondoo.com\/wp-content\/uploads\/2016\/03\/polica-za-izlaganje-206x300.png\" class=\"attachment-medium size-medium\" alt=\"\" srcset=\"https:\/\/www.betatrondoo.com\/wp-content\/uploads\/2016\/03\/polica-za-izlaganje-206x300.png 206w, https:\/\/www.betatrondoo.com\/wp-content\/uploads\/2016\/03\/polica-za-izlaganje.png 322w\" sizes=\"auto, (max-width: 206px) 100vw, 206px\" \/>\n\t\t\t<\/div><\/figure><figure class='gallery-item'>\n\t\t\t<div class='gallery-icon portrait'>\n\t\t\t\t<img loading=\"lazy\" decoding=\"async\" width=\"156\" height=\"300\" src=\"https:\/\/www.betatrondoo.com\/wp-content\/uploads\/2016\/03\/dizajn-police-za-izlaganje-156x300.png\" class=\"attachment-medium size-medium\" alt=\"\" srcset=\"https:\/\/www.betatrondoo.com\/wp-content\/uploads\/2016\/03\/dizajn-police-za-izlaganje-156x300.png 156w, https:\/\/www.betatrondoo.com\/wp-content\/uploads\/2016\/03\/dizajn-police-za-izlaganje.png 244w\" sizes=\"auto, (max-width: 156px) 100vw, 156px\" \/>\n\t\t\t<\/div><\/figure><figure class='gallery-item'>\n\t\t\t<div class='gallery-icon portrait'>\n\t\t\t\t<img loading=\"lazy\" decoding=\"async\" width=\"174\" height=\"300\" src=\"https:\/\/www.betatrondoo.com\/wp-content\/uploads\/2016\/03\/polica-za-izlaganje-3-174x300.png\" class=\"attachment-medium size-medium\" alt=\"\" srcset=\"https:\/\/www.betatrondoo.com\/wp-content\/uploads\/2016\/03\/polica-za-izlaganje-3-174x300.png 174w, https:\/\/www.betatrondoo.com\/wp-content\/uploads\/2016\/03\/polica-za-izlaganje-3.png 272w\" sizes=\"auto, (max-width: 174px) 100vw, 174px\" \/>\n\t\t\t<\/div><\/figure><figure class='gallery-item'>\n\t\t\t<div class='gallery-icon portrait'>\n\t\t\t\t<img loading=\"lazy\" decoding=\"async\" width=\"166\" height=\"300\" src=\"https:\/\/www.betatrondoo.com\/wp-content\/uploads\/2016\/03\/polica-za-izlaganje-1-166x300.png\" class=\"attachment-medium size-medium\" alt=\"\" srcset=\"https:\/\/www.betatrondoo.com\/wp-content\/uploads\/2016\/03\/polica-za-izlaganje-1-166x300.png 166w, https:\/\/www.betatrondoo.com\/wp-content\/uploads\/2016\/03\/polica-za-izlaganje-1.png 260w\" sizes=\"auto, (max-width: 166px) 100vw, 166px\" \/>\n\t\t\t<\/div><\/figure><figure class='gallery-item'>\n\t\t\t<div class='gallery-icon portrait'>\n\t\t\t\t<img loading=\"lazy\" decoding=\"async\" width=\"194\" height=\"300\" src=\"https:\/\/www.betatrondoo.com\/wp-content\/uploads\/2016\/03\/polica-za-izlaganje-2-1-194x300.png\" class=\"attachment-medium size-medium\" alt=\"\" srcset=\"https:\/\/www.betatrondoo.com\/wp-content\/uploads\/2016\/03\/polica-za-izlaganje-2-1-194x300.png 194w, https:\/\/www.betatrondoo.com\/wp-content\/uploads\/2016\/03\/polica-za-izlaganje-2-1.png 304w\" sizes=\"auto, (max-width: 194px) 100vw, 194px\" \/>\n\t\t\t<\/div><\/figure>\n\t\t<\/div>\n\n<h4 style=\"text-align: center; font-family: 'Dosis', sans-serif; font-size: 18px;\">Na\u0161 stru\u010dan tim je uvek spreman da uz Vasu sugestiju isprojektuje police koje \u0107e ispuniti sve Va\u0161e zahteve.<\/h4>\n<p style=\"font-family: Dosis, sans-serif; font-size: 18px; text-align: left; padding: 0 70px 0 70px;\"><strong>Ovde mo\u017eete pogledati neke od realizovanih polica i bordova&#8230; Police imaju led osvetljenje kako bi dodatno istakle brend ili \u017eeljenu reklamu.<\/strong><\/p>\nngg_shortcode_0_placeholder\n<h4 style=\"text-align: left; font-family: 'Dosis', sans-serif; font-size: 18px;\"><strong>Bordovi za izlaganje radio ure\u0111aja za kola imaju kontroler sa kojim mo\u017eete kontrolisati i isprobavati razli\u010dite kombinacije zvu\u010dnika\/radio aparata.<\/strong><\/h4>\n<h4 style=\"text-align: left; font-family: 'Dosis', sans-serif; font-size: 18px;\">Ako otvarate firmu, prodavnicu, zanatsku radnju ili bilo koji trgovinsko proizvodni objekat, kod nas \u0107ete prona\u0107i skoro svu potrebnu opremu.<\/h4>\n<p><\/p>","protected":false},"excerpt":{"rendered":"<p>Ako otvarate prodavnicu ili pro\u0161irujete svoj asortiman, na pravom ste mestu. Betatron doo proizvodi reklamnu galanteriju i bordove za izlaganje audio-video uredjaja(radio ure\u0111aja za kola, navigacija,televizora&#8230;) Na\u0161 stru\u010dan tim je uvek spreman da uz Vasu sugestiju isprojektuje police koje \u0107e ispuniti sve Va\u0161e zahteve. Ovde mo\u017eete pogledati neke od realizovanih polica i bordova&#8230; Police imaju [&hellip;]<\/p>\n","protected":false},"author":1,"featured_media":0,"parent":0,"menu_order":3,"comment_status":"closed","ping_status":"closed","template":"template-fullwidth.php","meta":{"_crdt_document":"","ngg_post_thumbnail":0,"footnotes":""},"class_list":["post-221","page","type-page","status-publish","hentry"],"yoast_head":"<!-- This site is optimized with the Yoast SEO plugin v27.3 - https:\/\/yoast.com\/product\/yoast-seo-wordpress\/ -->\n<title>PROIZVODNJA -<\/title>\n<meta name=\"robots\" content=\"index, follow, max-snippet:-1, max-image-preview:large, max-video-preview:-1\" \/>\n<link rel=\"canonical\" href=\"https:\/\/www.betatrondoo.com\/sr\/proizvodnja\/\" \/>\n<meta property=\"og:locale\" content=\"sr_RS\" \/>\n<meta property=\"og:type\" content=\"article\" \/>\n<meta property=\"og:title\" content=\"[:sr]PROIZVODNJA[:en]PRODUCTION[:] -\" \/>\n<meta property=\"og:description\" content=\"Ako otvarate prodavnicu ili pro\u0161irujete svoj asortiman, na pravom ste mestu. Betatron doo proizvodi reklamnu galanteriju i bordove za izlaganje audio-video uredjaja(radio ure\u0111aja za kola, navigacija,televizora&#8230;) Na\u0161 stru\u010dan tim je uvek spreman da uz Vasu sugestiju isprojektuje police koje \u0107e ispuniti sve Va\u0161e zahteve. Ovde mo\u017eete pogledati neke od realizovanih polica i bordova&#8230; Police imaju [&hellip;]\" \/>\n<meta property=\"og:url\" content=\"https:\/\/www.betatrondoo.com\/sr\/proizvodnja\/\" \/>\n<meta property=\"article:publisher\" content=\"http:\/\/www.facebook.com\/BetatronDoo\" \/>\n<meta property=\"article:modified_time\" content=\"2022-11-25T09:22:55+00:00\" \/>\n<meta property=\"og:image\" content=\"https:\/\/www.betatrondoo.com\/wp-content\/uploads\/2016\/03\/polica-za-izlaganje-4-147x300.png\" \/>\n<meta name=\"twitter:card\" content=\"summary_large_image\" \/>\n<meta name=\"twitter:label1\" content=\"\u041f\u0440\u043e\u0446\u0435\u045a\u0435\u043d\u043e \u0432\u0440\u0435\u043c\u0435 \u0447\u0438\u0442\u0430\u045a\u0430\" \/>\n\t<meta name=\"twitter:data1\" content=\"2 \u043c\u0438\u043d\u0443\u0442\u0430\" \/>\n<script type=\"application\/ld+json\" class=\"yoast-schema-graph\">{\"@context\":\"https:\\\/\\\/schema.org\",\"@graph\":[{\"@type\":\"WebPage\",\"@id\":\"https:\\\/\\\/www.betatrondoo.com\\\/sr\\\/proizvodnja\\\/\",\"url\":\"https:\\\/\\\/www.betatrondoo.com\\\/sr\\\/proizvodnja\\\/\",\"name\":\"[:sr]PROIZVODNJA[:en]PRODUCTION[:] -\",\"isPartOf\":{\"@id\":\"https:\\\/\\\/www.betatrondoo.com\\\/sr\\\/#website\"},\"primaryImageOfPage\":{\"@id\":\"https:\\\/\\\/www.betatrondoo.com\\\/sr\\\/proizvodnja\\\/#primaryimage\"},\"image\":{\"@id\":\"https:\\\/\\\/www.betatrondoo.com\\\/sr\\\/proizvodnja\\\/#primaryimage\"},\"thumbnailUrl\":\"http:\\\/\\\/localhost\\\/nextgen-attach_to_post\\\/preview\\\/id--271\",\"datePublished\":\"2016-03-15T14:20:46+00:00\",\"dateModified\":\"2022-11-25T09:22:55+00:00\",\"breadcrumb\":{\"@id\":\"https:\\\/\\\/www.betatrondoo.com\\\/sr\\\/proizvodnja\\\/#breadcrumb\"},\"inLanguage\":\"sr-RS\",\"potentialAction\":[{\"@type\":\"ReadAction\",\"target\":[\"https:\\\/\\\/www.betatrondoo.com\\\/sr\\\/proizvodnja\\\/\"]}]},{\"@type\":\"ImageObject\",\"inLanguage\":\"sr-RS\",\"@id\":\"https:\\\/\\\/www.betatrondoo.com\\\/sr\\\/proizvodnja\\\/#primaryimage\",\"url\":\"http:\\\/\\\/localhost\\\/nextgen-attach_to_post\\\/preview\\\/id--271\",\"contentUrl\":\"http:\\\/\\\/localhost\\\/nextgen-attach_to_post\\\/preview\\\/id--271\"},{\"@type\":\"BreadcrumbList\",\"@id\":\"https:\\\/\\\/www.betatrondoo.com\\\/sr\\\/proizvodnja\\\/#breadcrumb\",\"itemListElement\":[{\"@type\":\"ListItem\",\"position\":1,\"name\":\"\u041f\u043e\u0447\u0435\u0442\u043d\u0430\",\"item\":\"https:\\\/\\\/www.betatrondoo.com\\\/sr\\\/\"},{\"@type\":\"ListItem\",\"position\":2,\"name\":\"PROIZVODNJA\"}]},{\"@type\":\"WebSite\",\"@id\":\"https:\\\/\\\/www.betatrondoo.com\\\/sr\\\/#website\",\"url\":\"https:\\\/\\\/www.betatrondoo.com\\\/sr\\\/\",\"name\":\"\",\"description\":\"\",\"potentialAction\":[{\"@type\":\"SearchAction\",\"target\":{\"@type\":\"EntryPoint\",\"urlTemplate\":\"https:\\\/\\\/www.betatrondoo.com\\\/sr\\\/?s={search_term_string}\"},\"query-input\":{\"@type\":\"PropertyValueSpecification\",\"valueRequired\":true,\"valueName\":\"search_term_string\"}}],\"inLanguage\":\"sr-RS\"}]}<\/script>\n<!-- \/ Yoast SEO plugin. -->","yoast_head_json":{"title":"[:sr]PROIZVODNJA[:en]PRODUCTION[:] -","robots":{"index":"index","follow":"follow","max-snippet":"max-snippet:-1","max-image-preview":"max-image-preview:large","max-video-preview":"max-video-preview:-1"},"canonical":"https:\/\/www.betatrondoo.com\/sr\/proizvodnja\/","og_locale":"sr_RS","og_type":"article","og_title":"[:sr]PROIZVODNJA[:en]PRODUCTION[:] -","og_description":"Ako otvarate prodavnicu ili pro\u0161irujete svoj asortiman, na pravom ste mestu. Betatron doo proizvodi reklamnu galanteriju i bordove za izlaganje audio-video uredjaja(radio ure\u0111aja za kola, navigacija,televizora&#8230;) Na\u0161 stru\u010dan tim je uvek spreman da uz Vasu sugestiju isprojektuje police koje \u0107e ispuniti sve Va\u0161e zahteve. Ovde mo\u017eete pogledati neke od realizovanih polica i bordova&#8230; Police imaju [&hellip;]","og_url":"https:\/\/www.betatrondoo.com\/sr\/proizvodnja\/","article_publisher":"http:\/\/www.facebook.com\/BetatronDoo","article_modified_time":"2022-11-25T09:22:55+00:00","og_image":[{"url":"https:\/\/www.betatrondoo.com\/wp-content\/uploads\/2016\/03\/polica-za-izlaganje-4-147x300.png","type":"","width":"","height":""}],"twitter_card":"summary_large_image","twitter_misc":{"\u041f\u0440\u043e\u0446\u0435\u045a\u0435\u043d\u043e \u0432\u0440\u0435\u043c\u0435 \u0447\u0438\u0442\u0430\u045a\u0430":"2 \u043c\u0438\u043d\u0443\u0442\u0430"},"schema":{"@context":"https:\/\/schema.org","@graph":[{"@type":"WebPage","@id":"https:\/\/www.betatrondoo.com\/sr\/proizvodnja\/","url":"https:\/\/www.betatrondoo.com\/sr\/proizvodnja\/","name":"[:sr]PROIZVODNJA[:en]PRODUCTION[:] -","isPartOf":{"@id":"https:\/\/www.betatrondoo.com\/sr\/#website"},"primaryImageOfPage":{"@id":"https:\/\/www.betatrondoo.com\/sr\/proizvodnja\/#primaryimage"},"image":{"@id":"https:\/\/www.betatrondoo.com\/sr\/proizvodnja\/#primaryimage"},"thumbnailUrl":"http:\/\/localhost\/nextgen-attach_to_post\/preview\/id--271","datePublished":"2016-03-15T14:20:46+00:00","dateModified":"2022-11-25T09:22:55+00:00","breadcrumb":{"@id":"https:\/\/www.betatrondoo.com\/sr\/proizvodnja\/#breadcrumb"},"inLanguage":"sr-RS","potentialAction":[{"@type":"ReadAction","target":["https:\/\/www.betatrondoo.com\/sr\/proizvodnja\/"]}]},{"@type":"ImageObject","inLanguage":"sr-RS","@id":"https:\/\/www.betatrondoo.com\/sr\/proizvodnja\/#primaryimage","url":"http:\/\/localhost\/nextgen-attach_to_post\/preview\/id--271","contentUrl":"http:\/\/localhost\/nextgen-attach_to_post\/preview\/id--271"},{"@type":"BreadcrumbList","@id":"https:\/\/www.betatrondoo.com\/sr\/proizvodnja\/#breadcrumb","itemListElement":[{"@type":"ListItem","position":1,"name":"\u041f\u043e\u0447\u0435\u0442\u043d\u0430","item":"https:\/\/www.betatrondoo.com\/sr\/"},{"@type":"ListItem","position":2,"name":"PROIZVODNJA"}]},{"@type":"WebSite","@id":"https:\/\/www.betatrondoo.com\/sr\/#website","url":"https:\/\/www.betatrondoo.com\/sr\/","name":"","description":"","potentialAction":[{"@type":"SearchAction","target":{"@type":"EntryPoint","urlTemplate":"https:\/\/www.betatrondoo.com\/sr\/?s={search_term_string}"},"query-input":{"@type":"PropertyValueSpecification","valueRequired":true,"valueName":"search_term_string"}}],"inLanguage":"sr-RS"}]}},"_links":{"self":[{"href":"https:\/\/www.betatrondoo.com\/sr\/wp-json\/wp\/v2\/pages\/221","targetHints":{"allow":["GET"]}}],"collection":[{"href":"https:\/\/www.betatrondoo.com\/sr\/wp-json\/wp\/v2\/pages"}],"about":[{"href":"https:\/\/www.betatrondoo.com\/sr\/wp-json\/wp\/v2\/types\/page"}],"author":[{"embeddable":true,"href":"https:\/\/www.betatrondoo.com\/sr\/wp-json\/wp\/v2\/users\/1"}],"replies":[{"embeddable":true,"href":"https:\/\/www.betatrondoo.com\/sr\/wp-json\/wp\/v2\/comments?post=221"}],"version-history":[{"count":103,"href":"https:\/\/www.betatrondoo.com\/sr\/wp-json\/wp\/v2\/pages\/221\/revisions"}],"predecessor-version":[{"id":5142,"href":"https:\/\/www.betatrondoo.com\/sr\/wp-json\/wp\/v2\/pages\/221\/revisions\/5142"}],"wp:attachment":[{"href":"https:\/\/www.betatrondoo.com\/sr\/wp-json\/wp\/v2\/media?parent=221"}],"curies":[{"name":"wp","href":"https:\/\/api.w.org\/{rel}","templated":true}]}}