{"id":2,"date":"2016-02-17T12:36:14","date_gmt":"2016-02-17T11:36:14","guid":{"rendered":"http:\/\/localhost\/?page_id=2"},"modified":"2026-01-30T19:44:53","modified_gmt":"2026-01-30T18:44:53","slug":"sample-page","status":"publish","type":"page","link":"https:\/\/www.betatrondoo.com\/sr\/","title":{"rendered":"Betatron d.o.o."},"content":{"rendered":"<p><\/p>\n<h1 style=\"text-align: center;\"><span style=\"color: #333333; font-family: 'Dosis', sans-serif; font-weight: bold;\">DOBRODO\u0160LI U BETATRON<\/span><\/h1>\n<h2>&nbsp;<\/h2>\n<h2 style=\"text-align: left;\"><span style=\"color: #333333; font-family: 'Dosis', sans-serif;\">&nbsp; &nbsp;Nudimo Vam \u0161irok asortiman usluga i proizvoda.<\/span><\/h2>\n<ul>\n<li style=\"text-align: left;\"><span style=\"color: #333333; font-family: 'Dosis', sans-serif; font-size: 18px;\"><a style=\"color: #333333; font-family: 'Dosis', sans-serif; font-size: 18px;\" href=\"http:\/\/www.betatrondoo.com\/service\/#fiskalnekase\">Program POS opreme i fiskalnih kasa za poslovnice i poslovne objekte.<\/a><\/span><\/li>\n<li style=\"text-align: left;\"><span style=\"color: #333333; font-family: 'Dosis', sans-serif; font-size: 18px;\">Prodaja bele tehnike, ku\u0107nih i kuhinjskih aparata.<\/span><\/li>\n<li style=\"text-align: left;\"><span style=\"color: #333333; font-family: 'Dosis', sans-serif;\"><a style=\"color: #333333; font-family: 'Dosis', sans-serif; font-size: 18px;\" href=\"http:\/\/www.betatrondoo.com\/service\/#servisracunaralink\">Servis i prodaja ra\u010dunara (Desktop, Laptop, Tablet, Navigacija) i Audio &#8211; Video ure\u0111aja (televizora, radio ure\u0111aja, poja\u010dala&#8230;).<\/a><\/span><\/li>\n<li style=\"text-align: left;\"><span style=\"font-family: Dosis, sans-serif;\"><span style=\"font-size: 18px;\">Prodaja i monta\u017ea solarnih sistema. Op\u0161irnije na linku <a href=\"http:\/\/www.betatron-solar.com\">www.betatron-solar.com\/&nbsp;<\/a><\/span><\/span><\/li>\n<li><span style=\"font-family: Dosis, sans-serif;\"><span style=\"font-size: 18px;\">Iznamljivanje platformi za rad na visini.<\/span><\/span><\/li>\n<\/ul>\n<p><\/p>","protected":false},"excerpt":{"rendered":"<p>DOBRODO\u0160LI U BETATRON &nbsp; &nbsp; &nbsp;Nudimo Vam \u0161irok asortiman usluga i proizvoda. Program POS opreme i fiskalnih kasa za poslovnice i poslovne objekte. Prodaja bele tehnike, ku\u0107nih i kuhinjskih aparata. Servis i prodaja ra\u010dunara (Desktop, Laptop, Tablet, Navigacija) i Audio &#8211; Video ure\u0111aja (televizora, radio ure\u0111aja, poja\u010dala&#8230;). Prodaja i monta\u017ea solarnih sistema. Op\u0161irnije na linku [&hellip;]<\/p>\n","protected":false},"author":1,"featured_media":0,"parent":0,"menu_order":0,"comment_status":"closed","ping_status":"closed","template":"template-fullwidth.php","meta":{"_crdt_document":"","ngg_post_thumbnail":0,"footnotes":""},"class_list":["post-2","page","type-page","status-publish","hentry"],"yoast_head":"<!-- This site is optimized with the Yoast SEO plugin v27.3 - https:\/\/yoast.com\/product\/yoast-seo-wordpress\/ -->\n<title>Betatron d.o.o. -<\/title>\n<meta name=\"robots\" content=\"index, follow, max-snippet:-1, max-image-preview:large, max-video-preview:-1\" \/>\n<link rel=\"canonical\" href=\"https:\/\/www.betatrondoo.com\/sr\/\" \/>\n<meta property=\"og:locale\" content=\"sr_RS\" \/>\n<meta property=\"og:type\" content=\"article\" \/>\n<meta property=\"og:title\" content=\"Betatron d.o.o. -\" \/>\n<meta property=\"og:description\" content=\"DOBRODO\u0160LI U BETATRON &nbsp; &nbsp; &nbsp;Nudimo Vam \u0161irok asortiman usluga i proizvoda. Program POS opreme i fiskalnih kasa za poslovnice i poslovne objekte. Prodaja bele tehnike, ku\u0107nih i kuhinjskih aparata. Servis i prodaja ra\u010dunara (Desktop, Laptop, Tablet, Navigacija) i Audio &#8211; Video ure\u0111aja (televizora, radio ure\u0111aja, poja\u010dala&#8230;). Prodaja i monta\u017ea solarnih sistema. Op\u0161irnije na linku [&hellip;]\" \/>\n<meta property=\"og:url\" content=\"https:\/\/www.betatrondoo.com\/sr\/\" \/>\n<meta property=\"article:publisher\" content=\"http:\/\/www.facebook.com\/BetatronDoo\" \/>\n<meta property=\"article:modified_time\" content=\"2026-01-30T18:44:53+00:00\" \/>\n<meta name=\"twitter:card\" content=\"summary_large_image\" \/>\n<meta name=\"twitter:label1\" content=\"\u041f\u0440\u043e\u0446\u0435\u045a\u0435\u043d\u043e \u0432\u0440\u0435\u043c\u0435 \u0447\u0438\u0442\u0430\u045a\u0430\" \/>\n\t<meta name=\"twitter:data1\" content=\"1 \u043c\u0438\u043d\u0443\u0442\" \/>\n<script type=\"application\/ld+json\" class=\"yoast-schema-graph\">{\"@context\":\"https:\\\/\\\/schema.org\",\"@graph\":[{\"@type\":\"WebPage\",\"@id\":\"https:\\\/\\\/www.betatrondoo.com\\\/sr\\\/\",\"url\":\"https:\\\/\\\/www.betatrondoo.com\\\/sr\\\/\",\"name\":\"Betatron d.o.o. -\",\"isPartOf\":{\"@id\":\"https:\\\/\\\/www.betatrondoo.com\\\/sr\\\/#website\"},\"datePublished\":\"2016-02-17T11:36:14+00:00\",\"dateModified\":\"2026-01-30T18:44:53+00:00\",\"breadcrumb\":{\"@id\":\"https:\\\/\\\/www.betatrondoo.com\\\/sr\\\/#breadcrumb\"},\"inLanguage\":\"sr-RS\",\"potentialAction\":[{\"@type\":\"ReadAction\",\"target\":[\"https:\\\/\\\/www.betatrondoo.com\\\/sr\\\/\"]}]},{\"@type\":\"BreadcrumbList\",\"@id\":\"https:\\\/\\\/www.betatrondoo.com\\\/sr\\\/#breadcrumb\",\"itemListElement\":[{\"@type\":\"ListItem\",\"position\":1,\"name\":\"\u041f\u043e\u0447\u0435\u0442\u043d\u0430\",\"item\":\"https:\\\/\\\/www.betatrondoo.com\\\/sr\\\/\"},{\"@type\":\"ListItem\",\"position\":2,\"name\":\"Betatron d.o.o.\"}]},{\"@type\":\"WebSite\",\"@id\":\"https:\\\/\\\/www.betatrondoo.com\\\/sr\\\/#website\",\"url\":\"https:\\\/\\\/www.betatrondoo.com\\\/sr\\\/\",\"name\":\"\",\"description\":\"\",\"potentialAction\":[{\"@type\":\"SearchAction\",\"target\":{\"@type\":\"EntryPoint\",\"urlTemplate\":\"https:\\\/\\\/www.betatrondoo.com\\\/sr\\\/?s={search_term_string}\"},\"query-input\":{\"@type\":\"PropertyValueSpecification\",\"valueRequired\":true,\"valueName\":\"search_term_string\"}}],\"inLanguage\":\"sr-RS\"}]}<\/script>\n<!-- \/ Yoast SEO plugin. -->","yoast_head_json":{"title":"Betatron d.o.o. -","robots":{"index":"index","follow":"follow","max-snippet":"max-snippet:-1","max-image-preview":"max-image-preview:large","max-video-preview":"max-video-preview:-1"},"canonical":"https:\/\/www.betatrondoo.com\/sr\/","og_locale":"sr_RS","og_type":"article","og_title":"Betatron d.o.o. -","og_description":"DOBRODO\u0160LI U BETATRON &nbsp; &nbsp; &nbsp;Nudimo Vam \u0161irok asortiman usluga i proizvoda. Program POS opreme i fiskalnih kasa za poslovnice i poslovne objekte. Prodaja bele tehnike, ku\u0107nih i kuhinjskih aparata. Servis i prodaja ra\u010dunara (Desktop, Laptop, Tablet, Navigacija) i Audio &#8211; Video ure\u0111aja (televizora, radio ure\u0111aja, poja\u010dala&#8230;). Prodaja i monta\u017ea solarnih sistema. Op\u0161irnije na linku [&hellip;]","og_url":"https:\/\/www.betatrondoo.com\/sr\/","article_publisher":"http:\/\/www.facebook.com\/BetatronDoo","article_modified_time":"2026-01-30T18:44:53+00:00","twitter_card":"summary_large_image","twitter_misc":{"\u041f\u0440\u043e\u0446\u0435\u045a\u0435\u043d\u043e \u0432\u0440\u0435\u043c\u0435 \u0447\u0438\u0442\u0430\u045a\u0430":"1 \u043c\u0438\u043d\u0443\u0442"},"schema":{"@context":"https:\/\/schema.org","@graph":[{"@type":"WebPage","@id":"https:\/\/www.betatrondoo.com\/sr\/","url":"https:\/\/www.betatrondoo.com\/sr\/","name":"Betatron d.o.o. -","isPartOf":{"@id":"https:\/\/www.betatrondoo.com\/sr\/#website"},"datePublished":"2016-02-17T11:36:14+00:00","dateModified":"2026-01-30T18:44:53+00:00","breadcrumb":{"@id":"https:\/\/www.betatrondoo.com\/sr\/#breadcrumb"},"inLanguage":"sr-RS","potentialAction":[{"@type":"ReadAction","target":["https:\/\/www.betatrondoo.com\/sr\/"]}]},{"@type":"BreadcrumbList","@id":"https:\/\/www.betatrondoo.com\/sr\/#breadcrumb","itemListElement":[{"@type":"ListItem","position":1,"name":"\u041f\u043e\u0447\u0435\u0442\u043d\u0430","item":"https:\/\/www.betatrondoo.com\/sr\/"},{"@type":"ListItem","position":2,"name":"Betatron d.o.o."}]},{"@type":"WebSite","@id":"https:\/\/www.betatrondoo.com\/sr\/#website","url":"https:\/\/www.betatrondoo.com\/sr\/","name":"","description":"","potentialAction":[{"@type":"SearchAction","target":{"@type":"EntryPoint","urlTemplate":"https:\/\/www.betatrondoo.com\/sr\/?s={search_term_string}"},"query-input":{"@type":"PropertyValueSpecification","valueRequired":true,"valueName":"search_term_string"}}],"inLanguage":"sr-RS"}]}},"_links":{"self":[{"href":"https:\/\/www.betatrondoo.com\/sr\/wp-json\/wp\/v2\/pages\/2","targetHints":{"allow":["GET"]}}],"collection":[{"href":"https:\/\/www.betatrondoo.com\/sr\/wp-json\/wp\/v2\/pages"}],"about":[{"href":"https:\/\/www.betatrondoo.com\/sr\/wp-json\/wp\/v2\/types\/page"}],"author":[{"embeddable":true,"href":"https:\/\/www.betatrondoo.com\/sr\/wp-json\/wp\/v2\/users\/1"}],"replies":[{"embeddable":true,"href":"https:\/\/www.betatrondoo.com\/sr\/wp-json\/wp\/v2\/comments?post=2"}],"version-history":[{"count":172,"href":"https:\/\/www.betatrondoo.com\/sr\/wp-json\/wp\/v2\/pages\/2\/revisions"}],"predecessor-version":[{"id":6031,"href":"https:\/\/www.betatrondoo.com\/sr\/wp-json\/wp\/v2\/pages\/2\/revisions\/6031"}],"wp:attachment":[{"href":"https:\/\/www.betatrondoo.com\/sr\/wp-json\/wp\/v2\/media?parent=2"}],"curies":[{"name":"wp","href":"https:\/\/api.w.org\/{rel}","templated":true}]}}