{"id":1297,"date":"2016-10-17T11:27:57","date_gmt":"2016-10-17T10:27:57","guid":{"rendered":"http:\/\/www.betatrondoo.com\/?page_id=1297"},"modified":"2021-04-20T18:36:19","modified_gmt":"2021-04-20T17:36:19","slug":"univerzalna-glavna-ploca","status":"publish","type":"page","link":"https:\/\/www.betatrondoo.com\/sr\/univerzalna-glavna-ploca\/","title":{"rendered":"Univerzalna Glavna Plo\u010da"},"content":{"rendered":"<p><\/p>\n<h2 style=\"text-align: center;\"><span style=\"color: #0000ff; font-family: 'Dosis', sans-serif; font-weight: bold; font-size: 48px;\">UNIVERZALNA GLAVNA PLO\u010cA ZA LCD TELEVIZORE<\/span><\/h2>\n<h3 style=\"text-align: center; font-family: 'Dosis', sans-serif; font-weight: bold;\">Kompletan postupak ugradnje univerzalne plo\u010de mo\u017eete pogledati ovde.<\/h3>\n<p style=\"text-align: center;\"><iframe loading=\"lazy\" src=\"\/\/www.youtube.com\/embed\/RZATHQynuXU\" width=\"500\" height=\"500\" allowfullscreen=\"allowfullscreen\"><\/iframe><\/p>\n<h3 style=\"text-align: left; font-family: 'Dosis', sans-serif; font-weight: bold;\">Link za download potrebnog software za plo\u010du:&nbsp;<\/h3>\n<h3 style=\"text-align: left; font-family: 'Dosis', sans-serif; font-weight: bold;\"><a href=\"https:\/\/drive.google.com\/file\/d\/0BxSj_zgPes0yLVE5cGFGR0pKbjA\/view\">https:\/\/drive.google.com\/file\/d\/0BxSj_zgPes0yLVE5cGFGR0pKbjA\/view<\/a><\/h3>\n<p style=\"text-align: left; font-family: 'Dosis', sans-serif; font-weight: bold;\">Kada Vam se software u\u010dita sa USB memorije, potrebno je jo\u0161 da promenite jezik sa kineskog na engleski. Posle prebacivanja jezika samo uklju\u010dite automatsku pretragu kanala i to je to. Plo\u010du je mogu\u0107e koristiti za LCD televizore do 42&#8243;.<\/p>\n<p><\/p>","protected":false},"excerpt":{"rendered":"<p>UNIVERZALNA GLAVNA PLO\u010cA ZA LCD TELEVIZORE Kompletan postupak ugradnje univerzalne plo\u010de mo\u017eete pogledati ovde. Link za download potrebnog software za plo\u010du:&nbsp; https:\/\/drive.google.com\/file\/d\/0BxSj_zgPes0yLVE5cGFGR0pKbjA\/view Kada Vam se software u\u010dita sa USB memorije, potrebno je jo\u0161 da promenite jezik sa kineskog na engleski. Posle prebacivanja jezika samo uklju\u010dite automatsku pretragu kanala i to je to. Plo\u010du je mogu\u0107e [&hellip;]<\/p>\n","protected":false},"author":1,"featured_media":0,"parent":0,"menu_order":1,"comment_status":"closed","ping_status":"closed","template":"template-fullwidth.php","meta":{"_crdt_document":"","ngg_post_thumbnail":0,"footnotes":""},"class_list":["post-1297","page","type-page","status-publish","hentry"],"yoast_head":"<!-- This site is optimized with the Yoast SEO plugin v27.3 - https:\/\/yoast.com\/product\/yoast-seo-wordpress\/ -->\n<title>Univerzalna Glavna Plo\u010da -<\/title>\n<meta name=\"robots\" content=\"index, follow, max-snippet:-1, max-image-preview:large, max-video-preview:-1\" \/>\n<link rel=\"canonical\" href=\"https:\/\/www.betatrondoo.com\/sr\/univerzalna-glavna-ploca\/\" \/>\n<meta property=\"og:locale\" content=\"sr_RS\" \/>\n<meta property=\"og:type\" content=\"article\" \/>\n<meta property=\"og:title\" content=\"[:sr]Univerzalna Glavna Plo\u010da[:en]Universal Main Board[:] -\" \/>\n<meta property=\"og:description\" content=\"UNIVERZALNA GLAVNA PLO\u010cA ZA LCD TELEVIZORE Kompletan postupak ugradnje univerzalne plo\u010de mo\u017eete pogledati ovde. Link za download potrebnog software za plo\u010du:&nbsp; https:\/\/drive.google.com\/file\/d\/0BxSj_zgPes0yLVE5cGFGR0pKbjA\/view Kada Vam se software u\u010dita sa USB memorije, potrebno je jo\u0161 da promenite jezik sa kineskog na engleski. Posle prebacivanja jezika samo uklju\u010dite automatsku pretragu kanala i to je to. Plo\u010du je mogu\u0107e [&hellip;]\" \/>\n<meta property=\"og:url\" content=\"https:\/\/www.betatrondoo.com\/sr\/univerzalna-glavna-ploca\/\" \/>\n<meta property=\"article:publisher\" content=\"http:\/\/www.facebook.com\/BetatronDoo\" \/>\n<meta property=\"article:modified_time\" content=\"2021-04-20T17:36:19+00:00\" \/>\n<meta name=\"twitter:card\" content=\"summary_large_image\" \/>\n<meta name=\"twitter:label1\" content=\"\u041f\u0440\u043e\u0446\u0435\u045a\u0435\u043d\u043e \u0432\u0440\u0435\u043c\u0435 \u0447\u0438\u0442\u0430\u045a\u0430\" \/>\n\t<meta name=\"twitter:data1\" content=\"1 \u043c\u0438\u043d\u0443\u0442\" \/>\n<script type=\"application\/ld+json\" class=\"yoast-schema-graph\">{\"@context\":\"https:\\\/\\\/schema.org\",\"@graph\":[{\"@type\":\"WebPage\",\"@id\":\"https:\\\/\\\/www.betatrondoo.com\\\/sr\\\/univerzalna-glavna-ploca\\\/\",\"url\":\"https:\\\/\\\/www.betatrondoo.com\\\/sr\\\/univerzalna-glavna-ploca\\\/\",\"name\":\"[:sr]Univerzalna Glavna Plo\u010da[:en]Universal Main Board[:] -\",\"isPartOf\":{\"@id\":\"https:\\\/\\\/www.betatrondoo.com\\\/sr\\\/#website\"},\"datePublished\":\"2016-10-17T10:27:57+00:00\",\"dateModified\":\"2021-04-20T17:36:19+00:00\",\"breadcrumb\":{\"@id\":\"https:\\\/\\\/www.betatrondoo.com\\\/sr\\\/univerzalna-glavna-ploca\\\/#breadcrumb\"},\"inLanguage\":\"sr-RS\",\"potentialAction\":[{\"@type\":\"ReadAction\",\"target\":[\"https:\\\/\\\/www.betatrondoo.com\\\/sr\\\/univerzalna-glavna-ploca\\\/\"]}]},{\"@type\":\"BreadcrumbList\",\"@id\":\"https:\\\/\\\/www.betatrondoo.com\\\/sr\\\/univerzalna-glavna-ploca\\\/#breadcrumb\",\"itemListElement\":[{\"@type\":\"ListItem\",\"position\":1,\"name\":\"\u041f\u043e\u0447\u0435\u0442\u043d\u0430\",\"item\":\"https:\\\/\\\/www.betatrondoo.com\\\/sr\\\/\"},{\"@type\":\"ListItem\",\"position\":2,\"name\":\"Univerzalna Glavna Plo\u010da\"}]},{\"@type\":\"WebSite\",\"@id\":\"https:\\\/\\\/www.betatrondoo.com\\\/sr\\\/#website\",\"url\":\"https:\\\/\\\/www.betatrondoo.com\\\/sr\\\/\",\"name\":\"\",\"description\":\"\",\"potentialAction\":[{\"@type\":\"SearchAction\",\"target\":{\"@type\":\"EntryPoint\",\"urlTemplate\":\"https:\\\/\\\/www.betatrondoo.com\\\/sr\\\/?s={search_term_string}\"},\"query-input\":{\"@type\":\"PropertyValueSpecification\",\"valueRequired\":true,\"valueName\":\"search_term_string\"}}],\"inLanguage\":\"sr-RS\"}]}<\/script>\n<!-- \/ Yoast SEO plugin. -->","yoast_head_json":{"title":"[:sr]Univerzalna Glavna Plo\u010da[:en]Universal Main Board[:] -","robots":{"index":"index","follow":"follow","max-snippet":"max-snippet:-1","max-image-preview":"max-image-preview:large","max-video-preview":"max-video-preview:-1"},"canonical":"https:\/\/www.betatrondoo.com\/sr\/univerzalna-glavna-ploca\/","og_locale":"sr_RS","og_type":"article","og_title":"[:sr]Univerzalna Glavna Plo\u010da[:en]Universal Main Board[:] -","og_description":"UNIVERZALNA GLAVNA PLO\u010cA ZA LCD TELEVIZORE Kompletan postupak ugradnje univerzalne plo\u010de mo\u017eete pogledati ovde. Link za download potrebnog software za plo\u010du:&nbsp; https:\/\/drive.google.com\/file\/d\/0BxSj_zgPes0yLVE5cGFGR0pKbjA\/view Kada Vam se software u\u010dita sa USB memorije, potrebno je jo\u0161 da promenite jezik sa kineskog na engleski. Posle prebacivanja jezika samo uklju\u010dite automatsku pretragu kanala i to je to. Plo\u010du je mogu\u0107e [&hellip;]","og_url":"https:\/\/www.betatrondoo.com\/sr\/univerzalna-glavna-ploca\/","article_publisher":"http:\/\/www.facebook.com\/BetatronDoo","article_modified_time":"2021-04-20T17:36:19+00:00","twitter_card":"summary_large_image","twitter_misc":{"\u041f\u0440\u043e\u0446\u0435\u045a\u0435\u043d\u043e \u0432\u0440\u0435\u043c\u0435 \u0447\u0438\u0442\u0430\u045a\u0430":"1 \u043c\u0438\u043d\u0443\u0442"},"schema":{"@context":"https:\/\/schema.org","@graph":[{"@type":"WebPage","@id":"https:\/\/www.betatrondoo.com\/sr\/univerzalna-glavna-ploca\/","url":"https:\/\/www.betatrondoo.com\/sr\/univerzalna-glavna-ploca\/","name":"[:sr]Univerzalna Glavna Plo\u010da[:en]Universal Main Board[:] -","isPartOf":{"@id":"https:\/\/www.betatrondoo.com\/sr\/#website"},"datePublished":"2016-10-17T10:27:57+00:00","dateModified":"2021-04-20T17:36:19+00:00","breadcrumb":{"@id":"https:\/\/www.betatrondoo.com\/sr\/univerzalna-glavna-ploca\/#breadcrumb"},"inLanguage":"sr-RS","potentialAction":[{"@type":"ReadAction","target":["https:\/\/www.betatrondoo.com\/sr\/univerzalna-glavna-ploca\/"]}]},{"@type":"BreadcrumbList","@id":"https:\/\/www.betatrondoo.com\/sr\/univerzalna-glavna-ploca\/#breadcrumb","itemListElement":[{"@type":"ListItem","position":1,"name":"\u041f\u043e\u0447\u0435\u0442\u043d\u0430","item":"https:\/\/www.betatrondoo.com\/sr\/"},{"@type":"ListItem","position":2,"name":"Univerzalna Glavna Plo\u010da"}]},{"@type":"WebSite","@id":"https:\/\/www.betatrondoo.com\/sr\/#website","url":"https:\/\/www.betatrondoo.com\/sr\/","name":"","description":"","potentialAction":[{"@type":"SearchAction","target":{"@type":"EntryPoint","urlTemplate":"https:\/\/www.betatrondoo.com\/sr\/?s={search_term_string}"},"query-input":{"@type":"PropertyValueSpecification","valueRequired":true,"valueName":"search_term_string"}}],"inLanguage":"sr-RS"}]}},"_links":{"self":[{"href":"https:\/\/www.betatrondoo.com\/sr\/wp-json\/wp\/v2\/pages\/1297","targetHints":{"allow":["GET"]}}],"collection":[{"href":"https:\/\/www.betatrondoo.com\/sr\/wp-json\/wp\/v2\/pages"}],"about":[{"href":"https:\/\/www.betatrondoo.com\/sr\/wp-json\/wp\/v2\/types\/page"}],"author":[{"embeddable":true,"href":"https:\/\/www.betatrondoo.com\/sr\/wp-json\/wp\/v2\/users\/1"}],"replies":[{"embeddable":true,"href":"https:\/\/www.betatrondoo.com\/sr\/wp-json\/wp\/v2\/comments?post=1297"}],"version-history":[{"count":17,"href":"https:\/\/www.betatrondoo.com\/sr\/wp-json\/wp\/v2\/pages\/1297\/revisions"}],"predecessor-version":[{"id":4737,"href":"https:\/\/www.betatrondoo.com\/sr\/wp-json\/wp\/v2\/pages\/1297\/revisions\/4737"}],"wp:attachment":[{"href":"https:\/\/www.betatrondoo.com\/sr\/wp-json\/wp\/v2\/media?parent=1297"}],"curies":[{"name":"wp","href":"https:\/\/api.w.org\/{rel}","templated":true}]}}