{"id":6239,"date":"2026-02-05T14:33:48","date_gmt":"2026-02-05T13:33:48","guid":{"rendered":"https:\/\/www.betatrondoo.com\/?post_type=product&#038;p=6239"},"modified":"2026-02-06T14:31:02","modified_gmt":"2026-02-06T13:31:02","slug":"esl-pg-4k-base-station","status":"publish","type":"product","link":"https:\/\/www.betatrondoo.com\/en\/product\/esl-pg-4k-base-station\/","title":{"rendered":"ESL PG-4K Base Station"},"content":{"rendered":"<p>Broj podr\u017eanih ESL (4000)<br \/>\nUdaljenost be\u017ei\u010dne komunikacije (30 metara)<br \/>\nMoc\u0301na nezavisna istra\u017eiva\u010dka i razvojna sposobnost<br \/>\nPodr\u017eani tipovi portova (mre\u017eni port, USB port, serijski port)<br \/>\nVi\u0161e metoda ugradnje (plafon, ka\u010denje na zid, horizontalno postavljanje)<\/p>\n<p><strong>CENA: 25960 + PDV<\/strong><\/p>\n","protected":false},"excerpt":{"rendered":"<p>Broj podr\u017eanih ESL (4000)<br \/>\nUdaljenost be\u017ei\u010dne komunikacije (30 metara)<br \/>\nMoc\u0301na nezavisna istra\u017eiva\u010dka i razvojna sposobnost<br \/>\nPodr\u017eani tipovi portova (mre\u017eni port, USB port, serijski port)<br \/>\nVi\u0161e metoda ugradnje (plafon, ka\u010denje na zid, horizontalno postavljanje)<\/p>\n<p><strong>CENA: 25960 + PDV<\/strong><\/p>\n","protected":false},"featured_media":6240,"comment_status":"open","ping_status":"closed","template":"","meta":{"_crdt_document":"","ngg_post_thumbnail":0},"class_list":["post-6239","product","type-product","status-publish","has-post-thumbnail","hentry","product_cat-ecenovke","product_tag-e-cenovke","product_tag-esl","product_tag-pg-4k","product_tag-sunlux","product_shipping_class-posino"],"yoast_head":"<!-- This site is optimized with the Yoast SEO plugin v27.3 - https:\/\/yoast.com\/product\/yoast-seo-wordpress\/ -->\n<title>ESL PG-4K Base Station -<\/title>\n<meta name=\"robots\" content=\"index, follow, max-snippet:-1, max-image-preview:large, max-video-preview:-1\" \/>\n<link rel=\"canonical\" href=\"https:\/\/www.betatrondoo.com\/product\/esl-pg-4k-base-station\/\" \/>\n<meta property=\"og:locale\" content=\"en_US\" \/>\n<meta property=\"og:type\" content=\"article\" \/>\n<meta property=\"og:title\" content=\"ESL PG-4K Base Station -\" \/>\n<meta property=\"og:description\" content=\"Broj podr\u017eanih ESL (4000) Udaljenost be\u017ei\u010dne komunikacije (30 metara) Moc\u0301na nezavisna istra\u017eiva\u010dka i razvojna sposobnost Podr\u017eani tipovi portova (mre\u017eni port, USB port, serijski port) Vi\u0161e metoda ugradnje (plafon, ka\u010denje na zid, horizontalno postavljanje)  CENA: 25960 + PDV\" \/>\n<meta property=\"og:url\" content=\"https:\/\/www.betatrondoo.com\/product\/esl-pg-4k-base-station\/\" \/>\n<meta property=\"article:publisher\" content=\"http:\/\/www.facebook.com\/BetatronDoo\" \/>\n<meta property=\"article:modified_time\" content=\"2026-02-06T13:31:02+00:00\" \/>\n<meta property=\"og:image\" content=\"https:\/\/www.betatrondoo.com\/wp-content\/uploads\/2026\/02\/pg-4k.png\" \/>\n\t<meta property=\"og:image:width\" content=\"502\" \/>\n\t<meta property=\"og:image:height\" content=\"502\" \/>\n\t<meta property=\"og:image:type\" content=\"image\/png\" \/>\n<meta name=\"twitter:card\" content=\"summary_large_image\" \/>\n<meta name=\"twitter:label1\" content=\"Est. reading time\" \/>\n\t<meta name=\"twitter:data1\" content=\"1 minute\" \/>\n<script type=\"application\/ld+json\" class=\"yoast-schema-graph\">{\"@context\":\"https:\\\/\\\/schema.org\",\"@graph\":[{\"@type\":\"WebPage\",\"@id\":\"https:\\\/\\\/www.betatrondoo.com\\\/product\\\/esl-pg-4k-base-station\\\/\",\"url\":\"https:\\\/\\\/www.betatrondoo.com\\\/product\\\/esl-pg-4k-base-station\\\/\",\"name\":\"ESL PG-4K Base Station -\",\"isPartOf\":{\"@id\":\"https:\\\/\\\/www.betatrondoo.com\\\/sr\\\/#website\"},\"primaryImageOfPage\":{\"@id\":\"https:\\\/\\\/www.betatrondoo.com\\\/product\\\/esl-pg-4k-base-station\\\/#primaryimage\"},\"image\":{\"@id\":\"https:\\\/\\\/www.betatrondoo.com\\\/product\\\/esl-pg-4k-base-station\\\/#primaryimage\"},\"thumbnailUrl\":\"https:\\\/\\\/www.betatrondoo.com\\\/wp-content\\\/uploads\\\/2026\\\/02\\\/pg-4k.png\",\"datePublished\":\"2026-02-05T13:33:48+00:00\",\"dateModified\":\"2026-02-06T13:31:02+00:00\",\"breadcrumb\":{\"@id\":\"https:\\\/\\\/www.betatrondoo.com\\\/product\\\/esl-pg-4k-base-station\\\/#breadcrumb\"},\"inLanguage\":\"en-US\",\"potentialAction\":[{\"@type\":\"ReadAction\",\"target\":[\"https:\\\/\\\/www.betatrondoo.com\\\/product\\\/esl-pg-4k-base-station\\\/\"]}]},{\"@type\":\"ImageObject\",\"inLanguage\":\"en-US\",\"@id\":\"https:\\\/\\\/www.betatrondoo.com\\\/product\\\/esl-pg-4k-base-station\\\/#primaryimage\",\"url\":\"https:\\\/\\\/www.betatrondoo.com\\\/wp-content\\\/uploads\\\/2026\\\/02\\\/pg-4k.png\",\"contentUrl\":\"https:\\\/\\\/www.betatrondoo.com\\\/wp-content\\\/uploads\\\/2026\\\/02\\\/pg-4k.png\",\"width\":502,\"height\":502},{\"@type\":\"BreadcrumbList\",\"@id\":\"https:\\\/\\\/www.betatrondoo.com\\\/product\\\/esl-pg-4k-base-station\\\/#breadcrumb\",\"itemListElement\":[{\"@type\":\"ListItem\",\"position\":1,\"name\":\"\u041f\u043e\u0447\u0435\u0442\u043d\u0430\",\"item\":\"https:\\\/\\\/www.betatrondoo.com\\\/sr\\\/\"},{\"@type\":\"ListItem\",\"position\":2,\"name\":\"POS EQUIPMENT&amp;TV PARTS\",\"item\":\"https:\\\/\\\/www.betatrondoo.com\\\/en\\\/shop\\\/\"},{\"@type\":\"ListItem\",\"position\":3,\"name\":\"ESL PG-4K Base Station\"}]},{\"@type\":\"WebSite\",\"@id\":\"https:\\\/\\\/www.betatrondoo.com\\\/sr\\\/#website\",\"url\":\"https:\\\/\\\/www.betatrondoo.com\\\/sr\\\/\",\"name\":\"\",\"description\":\"\",\"potentialAction\":[{\"@type\":\"SearchAction\",\"target\":{\"@type\":\"EntryPoint\",\"urlTemplate\":\"https:\\\/\\\/www.betatrondoo.com\\\/sr\\\/?s={search_term_string}\"},\"query-input\":{\"@type\":\"PropertyValueSpecification\",\"valueRequired\":true,\"valueName\":\"search_term_string\"}}],\"inLanguage\":\"en-US\"}]}<\/script>\n<!-- \/ Yoast SEO plugin. -->","yoast_head_json":{"title":"ESL PG-4K Base Station -","robots":{"index":"index","follow":"follow","max-snippet":"max-snippet:-1","max-image-preview":"max-image-preview:large","max-video-preview":"max-video-preview:-1"},"canonical":"https:\/\/www.betatrondoo.com\/product\/esl-pg-4k-base-station\/","og_locale":"en_US","og_type":"article","og_title":"ESL PG-4K Base Station -","og_description":"Broj podr\u017eanih ESL (4000) Udaljenost be\u017ei\u010dne komunikacije (30 metara) Moc\u0301na nezavisna istra\u017eiva\u010dka i razvojna sposobnost Podr\u017eani tipovi portova (mre\u017eni port, USB port, serijski port) Vi\u0161e metoda ugradnje (plafon, ka\u010denje na zid, horizontalno postavljanje)  CENA: 25960 + PDV","og_url":"https:\/\/www.betatrondoo.com\/product\/esl-pg-4k-base-station\/","article_publisher":"http:\/\/www.facebook.com\/BetatronDoo","article_modified_time":"2026-02-06T13:31:02+00:00","og_image":[{"width":502,"height":502,"url":"https:\/\/www.betatrondoo.com\/wp-content\/uploads\/2026\/02\/pg-4k.png","type":"image\/png"}],"twitter_card":"summary_large_image","twitter_misc":{"Est. reading time":"1 minute"},"schema":{"@context":"https:\/\/schema.org","@graph":[{"@type":"WebPage","@id":"https:\/\/www.betatrondoo.com\/product\/esl-pg-4k-base-station\/","url":"https:\/\/www.betatrondoo.com\/product\/esl-pg-4k-base-station\/","name":"ESL PG-4K Base Station -","isPartOf":{"@id":"https:\/\/www.betatrondoo.com\/sr\/#website"},"primaryImageOfPage":{"@id":"https:\/\/www.betatrondoo.com\/product\/esl-pg-4k-base-station\/#primaryimage"},"image":{"@id":"https:\/\/www.betatrondoo.com\/product\/esl-pg-4k-base-station\/#primaryimage"},"thumbnailUrl":"https:\/\/www.betatrondoo.com\/wp-content\/uploads\/2026\/02\/pg-4k.png","datePublished":"2026-02-05T13:33:48+00:00","dateModified":"2026-02-06T13:31:02+00:00","breadcrumb":{"@id":"https:\/\/www.betatrondoo.com\/product\/esl-pg-4k-base-station\/#breadcrumb"},"inLanguage":"en-US","potentialAction":[{"@type":"ReadAction","target":["https:\/\/www.betatrondoo.com\/product\/esl-pg-4k-base-station\/"]}]},{"@type":"ImageObject","inLanguage":"en-US","@id":"https:\/\/www.betatrondoo.com\/product\/esl-pg-4k-base-station\/#primaryimage","url":"https:\/\/www.betatrondoo.com\/wp-content\/uploads\/2026\/02\/pg-4k.png","contentUrl":"https:\/\/www.betatrondoo.com\/wp-content\/uploads\/2026\/02\/pg-4k.png","width":502,"height":502},{"@type":"BreadcrumbList","@id":"https:\/\/www.betatrondoo.com\/product\/esl-pg-4k-base-station\/#breadcrumb","itemListElement":[{"@type":"ListItem","position":1,"name":"\u041f\u043e\u0447\u0435\u0442\u043d\u0430","item":"https:\/\/www.betatrondoo.com\/sr\/"},{"@type":"ListItem","position":2,"name":"POS EQUIPMENT&amp;TV PARTS","item":"https:\/\/www.betatrondoo.com\/en\/shop\/"},{"@type":"ListItem","position":3,"name":"ESL PG-4K Base Station"}]},{"@type":"WebSite","@id":"https:\/\/www.betatrondoo.com\/sr\/#website","url":"https:\/\/www.betatrondoo.com\/sr\/","name":"","description":"","potentialAction":[{"@type":"SearchAction","target":{"@type":"EntryPoint","urlTemplate":"https:\/\/www.betatrondoo.com\/sr\/?s={search_term_string}"},"query-input":{"@type":"PropertyValueSpecification","valueRequired":true,"valueName":"search_term_string"}}],"inLanguage":"en-US"}]}},"_links":{"self":[{"href":"https:\/\/www.betatrondoo.com\/en\/wp-json\/wp\/v2\/product\/6239","targetHints":{"allow":["GET"]}}],"collection":[{"href":"https:\/\/www.betatrondoo.com\/en\/wp-json\/wp\/v2\/product"}],"about":[{"href":"https:\/\/www.betatrondoo.com\/en\/wp-json\/wp\/v2\/types\/product"}],"replies":[{"embeddable":true,"href":"https:\/\/www.betatrondoo.com\/en\/wp-json\/wp\/v2\/comments?post=6239"}],"wp:featuredmedia":[{"embeddable":true,"href":"https:\/\/www.betatrondoo.com\/en\/wp-json\/wp\/v2\/media\/6240"}],"wp:attachment":[{"href":"https:\/\/www.betatrondoo.com\/en\/wp-json\/wp\/v2\/media?parent=6239"}],"curies":[{"name":"wp","href":"https:\/\/api.w.org\/{rel}","templated":true}]}}