{"id":6213,"date":"2026-02-05T13:55:21","date_gmt":"2026-02-05T12:55:21","guid":{"rendered":"https:\/\/www.betatrondoo.com\/?post_type=product&#038;p=6213"},"modified":"2026-02-06T14:32:18","modified_gmt":"2026-02-06T13:32:18","slug":"esl-kit-za-cenovke","status":"publish","type":"product","link":"https:\/\/www.betatrondoo.com\/en\/product\/esl-kit-za-cenovke\/","title":{"rendered":"ESL KIT za cenovke"},"content":{"rendered":"<p>U zavisnosti od potreba potro\u0161a\u010da, Sunlux razvojni komplet sadr\u017ei razli\u010dite veli\u010dine ESL-a kako bi korisnici mogli da po\u010dnu.<br \/>\nRazvojni komplet omoguc\u0301ava korisnicima da ga testiraju u stvarnoj maloprodajnoj sceni i poma\u017ee korisnicima da shvate kako funkcioni\u0161e celo re\u0161enje.<\/p>\n<p><strong>CENA: 100300 + PDV<\/strong><\/p>\n","protected":false},"excerpt":{"rendered":"<p>U zavisnosti od potreba potro\u0161a\u010da, Sunlux razvojni komplet sadr\u017ei razli\u010dite veli\u010dine ESL-a kako bi korisnici mogli da po\u010dnu.<br \/>\nRazvojni komplet omoguc\u0301ava korisnicima da ga testiraju u stvarnoj maloprodajnoj sceni i poma\u017ee korisnicima da shvate kako funkcioni\u0161e celo re\u0161enje.<\/p>\n<p><strong>CENA: 100300 + PDV<\/strong><\/p>\n","protected":false},"featured_media":6214,"comment_status":"open","ping_status":"closed","template":"","meta":{"_crdt_document":"","ngg_post_thumbnail":0},"class_list":["post-6213","product","type-product","status-publish","has-post-thumbnail","hentry","product_cat-ecenovke","product_tag-cenovke","product_tag-esl","product_tag-sunlux","product_shipping_class-posino"],"yoast_head":"<!-- This site is optimized with the Yoast SEO plugin v27.3 - https:\/\/yoast.com\/product\/yoast-seo-wordpress\/ -->\n<title>ESL KIT za cenovke -<\/title>\n<meta name=\"robots\" content=\"index, follow, max-snippet:-1, max-image-preview:large, max-video-preview:-1\" \/>\n<link rel=\"canonical\" href=\"https:\/\/www.betatrondoo.com\/product\/esl-kit-za-cenovke\/\" \/>\n<meta property=\"og:locale\" content=\"en_US\" \/>\n<meta property=\"og:type\" content=\"article\" \/>\n<meta property=\"og:title\" content=\"ESL KIT za cenovke -\" \/>\n<meta property=\"og:description\" content=\"U zavisnosti od potreba potro\u0161a\u010da, Sunlux razvojni komplet sadr\u017ei razli\u010dite veli\u010dine ESL-a kako bi korisnici mogli da po\u010dnu. Razvojni komplet omoguc\u0301ava korisnicima da ga testiraju u stvarnoj maloprodajnoj sceni i poma\u017ee korisnicima da shvate kako funkcioni\u0161e celo re\u0161enje.  CENA: 100300 + PDV\" \/>\n<meta property=\"og:url\" content=\"https:\/\/www.betatrondoo.com\/product\/esl-kit-za-cenovke\/\" \/>\n<meta property=\"article:publisher\" content=\"http:\/\/www.facebook.com\/BetatronDoo\" \/>\n<meta property=\"article:modified_time\" content=\"2026-02-06T13:32:18+00:00\" \/>\n<meta property=\"og:image\" content=\"https:\/\/www.betatrondoo.com\/wp-content\/uploads\/2026\/02\/esl.jpg\" \/>\n\t<meta property=\"og:image:width\" content=\"501\" \/>\n\t<meta property=\"og:image:height\" content=\"501\" \/>\n\t<meta property=\"og:image:type\" content=\"image\/jpeg\" \/>\n<meta name=\"twitter:card\" content=\"summary_large_image\" \/>\n<meta name=\"twitter:label1\" content=\"Est. reading time\" \/>\n\t<meta name=\"twitter:data1\" content=\"1 minute\" \/>\n<script type=\"application\/ld+json\" class=\"yoast-schema-graph\">{\"@context\":\"https:\\\/\\\/schema.org\",\"@graph\":[{\"@type\":\"WebPage\",\"@id\":\"https:\\\/\\\/www.betatrondoo.com\\\/product\\\/esl-kit-za-cenovke\\\/\",\"url\":\"https:\\\/\\\/www.betatrondoo.com\\\/product\\\/esl-kit-za-cenovke\\\/\",\"name\":\"ESL KIT za cenovke -\",\"isPartOf\":{\"@id\":\"https:\\\/\\\/www.betatrondoo.com\\\/sr\\\/#website\"},\"primaryImageOfPage\":{\"@id\":\"https:\\\/\\\/www.betatrondoo.com\\\/product\\\/esl-kit-za-cenovke\\\/#primaryimage\"},\"image\":{\"@id\":\"https:\\\/\\\/www.betatrondoo.com\\\/product\\\/esl-kit-za-cenovke\\\/#primaryimage\"},\"thumbnailUrl\":\"https:\\\/\\\/www.betatrondoo.com\\\/wp-content\\\/uploads\\\/2026\\\/02\\\/esl.jpg\",\"datePublished\":\"2026-02-05T12:55:21+00:00\",\"dateModified\":\"2026-02-06T13:32:18+00:00\",\"breadcrumb\":{\"@id\":\"https:\\\/\\\/www.betatrondoo.com\\\/product\\\/esl-kit-za-cenovke\\\/#breadcrumb\"},\"inLanguage\":\"en-US\",\"potentialAction\":[{\"@type\":\"ReadAction\",\"target\":[\"https:\\\/\\\/www.betatrondoo.com\\\/product\\\/esl-kit-za-cenovke\\\/\"]}]},{\"@type\":\"ImageObject\",\"inLanguage\":\"en-US\",\"@id\":\"https:\\\/\\\/www.betatrondoo.com\\\/product\\\/esl-kit-za-cenovke\\\/#primaryimage\",\"url\":\"https:\\\/\\\/www.betatrondoo.com\\\/wp-content\\\/uploads\\\/2026\\\/02\\\/esl.jpg\",\"contentUrl\":\"https:\\\/\\\/www.betatrondoo.com\\\/wp-content\\\/uploads\\\/2026\\\/02\\\/esl.jpg\",\"width\":501,\"height\":501},{\"@type\":\"BreadcrumbList\",\"@id\":\"https:\\\/\\\/www.betatrondoo.com\\\/product\\\/esl-kit-za-cenovke\\\/#breadcrumb\",\"itemListElement\":[{\"@type\":\"ListItem\",\"position\":1,\"name\":\"\u041f\u043e\u0447\u0435\u0442\u043d\u0430\",\"item\":\"https:\\\/\\\/www.betatrondoo.com\\\/sr\\\/\"},{\"@type\":\"ListItem\",\"position\":2,\"name\":\"POS EQUIPMENT&amp;TV PARTS\",\"item\":\"https:\\\/\\\/www.betatrondoo.com\\\/en\\\/shop\\\/\"},{\"@type\":\"ListItem\",\"position\":3,\"name\":\"ESL KIT za cenovke\"}]},{\"@type\":\"WebSite\",\"@id\":\"https:\\\/\\\/www.betatrondoo.com\\\/sr\\\/#website\",\"url\":\"https:\\\/\\\/www.betatrondoo.com\\\/sr\\\/\",\"name\":\"\",\"description\":\"\",\"potentialAction\":[{\"@type\":\"SearchAction\",\"target\":{\"@type\":\"EntryPoint\",\"urlTemplate\":\"https:\\\/\\\/www.betatrondoo.com\\\/sr\\\/?s={search_term_string}\"},\"query-input\":{\"@type\":\"PropertyValueSpecification\",\"valueRequired\":true,\"valueName\":\"search_term_string\"}}],\"inLanguage\":\"en-US\"}]}<\/script>\n<!-- \/ Yoast SEO plugin. -->","yoast_head_json":{"title":"ESL KIT za cenovke -","robots":{"index":"index","follow":"follow","max-snippet":"max-snippet:-1","max-image-preview":"max-image-preview:large","max-video-preview":"max-video-preview:-1"},"canonical":"https:\/\/www.betatrondoo.com\/product\/esl-kit-za-cenovke\/","og_locale":"en_US","og_type":"article","og_title":"ESL KIT za cenovke -","og_description":"U zavisnosti od potreba potro\u0161a\u010da, Sunlux razvojni komplet sadr\u017ei razli\u010dite veli\u010dine ESL-a kako bi korisnici mogli da po\u010dnu. Razvojni komplet omoguc\u0301ava korisnicima da ga testiraju u stvarnoj maloprodajnoj sceni i poma\u017ee korisnicima da shvate kako funkcioni\u0161e celo re\u0161enje.  CENA: 100300 + PDV","og_url":"https:\/\/www.betatrondoo.com\/product\/esl-kit-za-cenovke\/","article_publisher":"http:\/\/www.facebook.com\/BetatronDoo","article_modified_time":"2026-02-06T13:32:18+00:00","og_image":[{"width":501,"height":501,"url":"https:\/\/www.betatrondoo.com\/wp-content\/uploads\/2026\/02\/esl.jpg","type":"image\/jpeg"}],"twitter_card":"summary_large_image","twitter_misc":{"Est. reading time":"1 minute"},"schema":{"@context":"https:\/\/schema.org","@graph":[{"@type":"WebPage","@id":"https:\/\/www.betatrondoo.com\/product\/esl-kit-za-cenovke\/","url":"https:\/\/www.betatrondoo.com\/product\/esl-kit-za-cenovke\/","name":"ESL KIT za cenovke -","isPartOf":{"@id":"https:\/\/www.betatrondoo.com\/sr\/#website"},"primaryImageOfPage":{"@id":"https:\/\/www.betatrondoo.com\/product\/esl-kit-za-cenovke\/#primaryimage"},"image":{"@id":"https:\/\/www.betatrondoo.com\/product\/esl-kit-za-cenovke\/#primaryimage"},"thumbnailUrl":"https:\/\/www.betatrondoo.com\/wp-content\/uploads\/2026\/02\/esl.jpg","datePublished":"2026-02-05T12:55:21+00:00","dateModified":"2026-02-06T13:32:18+00:00","breadcrumb":{"@id":"https:\/\/www.betatrondoo.com\/product\/esl-kit-za-cenovke\/#breadcrumb"},"inLanguage":"en-US","potentialAction":[{"@type":"ReadAction","target":["https:\/\/www.betatrondoo.com\/product\/esl-kit-za-cenovke\/"]}]},{"@type":"ImageObject","inLanguage":"en-US","@id":"https:\/\/www.betatrondoo.com\/product\/esl-kit-za-cenovke\/#primaryimage","url":"https:\/\/www.betatrondoo.com\/wp-content\/uploads\/2026\/02\/esl.jpg","contentUrl":"https:\/\/www.betatrondoo.com\/wp-content\/uploads\/2026\/02\/esl.jpg","width":501,"height":501},{"@type":"BreadcrumbList","@id":"https:\/\/www.betatrondoo.com\/product\/esl-kit-za-cenovke\/#breadcrumb","itemListElement":[{"@type":"ListItem","position":1,"name":"\u041f\u043e\u0447\u0435\u0442\u043d\u0430","item":"https:\/\/www.betatrondoo.com\/sr\/"},{"@type":"ListItem","position":2,"name":"POS EQUIPMENT&amp;TV PARTS","item":"https:\/\/www.betatrondoo.com\/en\/shop\/"},{"@type":"ListItem","position":3,"name":"ESL KIT za cenovke"}]},{"@type":"WebSite","@id":"https:\/\/www.betatrondoo.com\/sr\/#website","url":"https:\/\/www.betatrondoo.com\/sr\/","name":"","description":"","potentialAction":[{"@type":"SearchAction","target":{"@type":"EntryPoint","urlTemplate":"https:\/\/www.betatrondoo.com\/sr\/?s={search_term_string}"},"query-input":{"@type":"PropertyValueSpecification","valueRequired":true,"valueName":"search_term_string"}}],"inLanguage":"en-US"}]}},"_links":{"self":[{"href":"https:\/\/www.betatrondoo.com\/en\/wp-json\/wp\/v2\/product\/6213","targetHints":{"allow":["GET"]}}],"collection":[{"href":"https:\/\/www.betatrondoo.com\/en\/wp-json\/wp\/v2\/product"}],"about":[{"href":"https:\/\/www.betatrondoo.com\/en\/wp-json\/wp\/v2\/types\/product"}],"replies":[{"embeddable":true,"href":"https:\/\/www.betatrondoo.com\/en\/wp-json\/wp\/v2\/comments?post=6213"}],"wp:featuredmedia":[{"embeddable":true,"href":"https:\/\/www.betatrondoo.com\/en\/wp-json\/wp\/v2\/media\/6214"}],"wp:attachment":[{"href":"https:\/\/www.betatrondoo.com\/en\/wp-json\/wp\/v2\/media?parent=6213"}],"curies":[{"name":"wp","href":"https:\/\/api.w.org\/{rel}","templated":true}]}}