{"id":6148,"date":"2026-02-04T14:54:42","date_gmt":"2026-02-04T13:54:42","guid":{"rendered":"https:\/\/www.betatrondoo.com\/?post_type=product&#038;p=6148"},"modified":"2026-02-06T14:34:34","modified_gmt":"2026-02-06T13:34:34","slug":"esl-digital-signage-price-tag-lcd-display-10-1-single-screen","status":"publish","type":"product","link":"https:\/\/www.betatrondoo.com\/en\/product\/esl-digital-signage-price-tag-lcd-display-10-1-single-screen\/","title":{"rendered":"ESL digital signage price tag LCD display 10.1 single screen"},"content":{"rendered":"<p>-HD ekran u punoj boji \u010dini prikaz proizvoda privla\u010dnijim za oko<br \/>\n-Super veliki ekran od 10,1 in\u010da, super \u0161irok ugao gledanja, marketing bez brige<br \/>\n-Fleksibilni softverski sistem podr\u017eava vi\u0161e formata kreativnih sadr\u017eaja sa bogatijim sadr\u017eajem<br \/>\n-Podr\u0161ka za integraciju softvera sa vi\u0161e interfejsa za ostvarivanje objedinjenog upravljanja.<br \/>\n-Ultra tanak dizajn, savr\u0161eno prilago\u0111en okru\u017eenju ekrana<br \/>\n-Otporan na pra\u0161inu, prskanje i izdr\u017eljiv<\/p>\n<p><strong>CENA: 9990 + PDV<\/strong><\/p>\n","protected":false},"excerpt":{"rendered":"<p>-HD ekran u punoj boji \u010dini prikaz proizvoda privla\u010dnijim za oko<br \/>\n-Super veliki ekran od 10,1 in\u010da, super \u0161irok ugao gledanja, marketing bez brige<br \/>\n-Fleksibilni softverski sistem podr\u017eava vi\u0161e formata kreativnih sadr\u017eaja sa bogatijim sadr\u017eajem<br \/>\n-Podr\u0161ka za integraciju softvera sa vi\u0161e interfejsa za ostvarivanje objedinjenog upravljanja.<br \/>\n-Ultra tanak dizajn, savr\u0161eno prilago\u0111en okru\u017eenju ekrana<br \/>\n-Otporan na pra\u0161inu, prskanje i izdr\u017eljiv<\/p>\n<p><strong>CENA: 9990 + PDV<\/strong><\/p>\n","protected":false},"featured_media":6149,"comment_status":"open","ping_status":"closed","template":"","meta":{"_crdt_document":"","ngg_post_thumbnail":0},"class_list":["post-6148","product","type-product","status-publish","has-post-thumbnail","hentry","product_cat-pricetag","product_tag-esl","product_tag-lcd","product_tag-price-tag","product_tag-single-screen","product_tag-wifi","product_shipping_class-posino"],"yoast_head":"<!-- This site is optimized with the Yoast SEO plugin v27.3 - https:\/\/yoast.com\/product\/yoast-seo-wordpress\/ -->\n<title>ESL digital signage price tag LCD display 10.1 single screen -<\/title>\n<meta name=\"robots\" content=\"index, follow, max-snippet:-1, max-image-preview:large, max-video-preview:-1\" \/>\n<link rel=\"canonical\" href=\"https:\/\/www.betatrondoo.com\/product\/esl-digital-signage-price-tag-lcd-display-10-1-single-screen\/\" \/>\n<meta property=\"og:locale\" content=\"en_US\" \/>\n<meta property=\"og:type\" content=\"article\" \/>\n<meta property=\"og:title\" content=\"ESL digital signage price tag LCD display 10.1 single screen -\" \/>\n<meta property=\"og:description\" content=\"-HD ekran u punoj boji \u010dini prikaz proizvoda privla\u010dnijim za oko -Super veliki ekran od 10,1 in\u010da, super \u0161irok ugao gledanja, marketing bez brige -Fleksibilni softverski sistem podr\u017eava vi\u0161e formata kreativnih sadr\u017eaja sa bogatijim sadr\u017eajem -Podr\u0161ka za integraciju softvera sa vi\u0161e interfejsa za ostvarivanje objedinjenog upravljanja. -Ultra tanak dizajn, savr\u0161eno prilago\u0111en okru\u017eenju ekrana -Otporan na pra\u0161inu, prskanje i izdr\u017eljiv  CENA: 9990 + PDV\" \/>\n<meta property=\"og:url\" content=\"https:\/\/www.betatrondoo.com\/product\/esl-digital-signage-price-tag-lcd-display-10-1-single-screen\/\" \/>\n<meta property=\"article:publisher\" content=\"http:\/\/www.facebook.com\/BetatronDoo\" \/>\n<meta property=\"article:modified_time\" content=\"2026-02-06T13:34:34+00:00\" \/>\n<meta property=\"og:image\" content=\"https:\/\/www.betatrondoo.com\/wp-content\/uploads\/2026\/02\/single-screen.jpg\" \/>\n\t<meta property=\"og:image:width\" content=\"800\" \/>\n\t<meta property=\"og:image:height\" content=\"800\" \/>\n\t<meta property=\"og:image:type\" content=\"image\/jpeg\" \/>\n<meta name=\"twitter:card\" content=\"summary_large_image\" \/>\n<meta name=\"twitter:label1\" content=\"Est. reading time\" \/>\n\t<meta name=\"twitter:data1\" content=\"1 minute\" \/>\n<script type=\"application\/ld+json\" class=\"yoast-schema-graph\">{\"@context\":\"https:\\\/\\\/schema.org\",\"@graph\":[{\"@type\":\"WebPage\",\"@id\":\"https:\\\/\\\/www.betatrondoo.com\\\/product\\\/esl-digital-signage-price-tag-lcd-display-10-1-single-screen\\\/\",\"url\":\"https:\\\/\\\/www.betatrondoo.com\\\/product\\\/esl-digital-signage-price-tag-lcd-display-10-1-single-screen\\\/\",\"name\":\"ESL digital signage price tag LCD display 10.1 single screen -\",\"isPartOf\":{\"@id\":\"https:\\\/\\\/www.betatrondoo.com\\\/sr\\\/#website\"},\"primaryImageOfPage\":{\"@id\":\"https:\\\/\\\/www.betatrondoo.com\\\/product\\\/esl-digital-signage-price-tag-lcd-display-10-1-single-screen\\\/#primaryimage\"},\"image\":{\"@id\":\"https:\\\/\\\/www.betatrondoo.com\\\/product\\\/esl-digital-signage-price-tag-lcd-display-10-1-single-screen\\\/#primaryimage\"},\"thumbnailUrl\":\"https:\\\/\\\/www.betatrondoo.com\\\/wp-content\\\/uploads\\\/2026\\\/02\\\/single-screen.jpg\",\"datePublished\":\"2026-02-04T13:54:42+00:00\",\"dateModified\":\"2026-02-06T13:34:34+00:00\",\"breadcrumb\":{\"@id\":\"https:\\\/\\\/www.betatrondoo.com\\\/product\\\/esl-digital-signage-price-tag-lcd-display-10-1-single-screen\\\/#breadcrumb\"},\"inLanguage\":\"en-US\",\"potentialAction\":[{\"@type\":\"ReadAction\",\"target\":[\"https:\\\/\\\/www.betatrondoo.com\\\/product\\\/esl-digital-signage-price-tag-lcd-display-10-1-single-screen\\\/\"]}]},{\"@type\":\"ImageObject\",\"inLanguage\":\"en-US\",\"@id\":\"https:\\\/\\\/www.betatrondoo.com\\\/product\\\/esl-digital-signage-price-tag-lcd-display-10-1-single-screen\\\/#primaryimage\",\"url\":\"https:\\\/\\\/www.betatrondoo.com\\\/wp-content\\\/uploads\\\/2026\\\/02\\\/single-screen.jpg\",\"contentUrl\":\"https:\\\/\\\/www.betatrondoo.com\\\/wp-content\\\/uploads\\\/2026\\\/02\\\/single-screen.jpg\",\"width\":800,\"height\":800},{\"@type\":\"BreadcrumbList\",\"@id\":\"https:\\\/\\\/www.betatrondoo.com\\\/product\\\/esl-digital-signage-price-tag-lcd-display-10-1-single-screen\\\/#breadcrumb\",\"itemListElement\":[{\"@type\":\"ListItem\",\"position\":1,\"name\":\"\u041f\u043e\u0447\u0435\u0442\u043d\u0430\",\"item\":\"https:\\\/\\\/www.betatrondoo.com\\\/sr\\\/\"},{\"@type\":\"ListItem\",\"position\":2,\"name\":\"POS EQUIPMENT&amp;TV PARTS\",\"item\":\"https:\\\/\\\/www.betatrondoo.com\\\/en\\\/shop\\\/\"},{\"@type\":\"ListItem\",\"position\":3,\"name\":\"ESL digital signage price tag LCD display 10.1 single screen\"}]},{\"@type\":\"WebSite\",\"@id\":\"https:\\\/\\\/www.betatrondoo.com\\\/sr\\\/#website\",\"url\":\"https:\\\/\\\/www.betatrondoo.com\\\/sr\\\/\",\"name\":\"\",\"description\":\"\",\"potentialAction\":[{\"@type\":\"SearchAction\",\"target\":{\"@type\":\"EntryPoint\",\"urlTemplate\":\"https:\\\/\\\/www.betatrondoo.com\\\/sr\\\/?s={search_term_string}\"},\"query-input\":{\"@type\":\"PropertyValueSpecification\",\"valueRequired\":true,\"valueName\":\"search_term_string\"}}],\"inLanguage\":\"en-US\"}]}<\/script>\n<!-- \/ Yoast SEO plugin. -->","yoast_head_json":{"title":"ESL digital signage price tag LCD display 10.1 single screen -","robots":{"index":"index","follow":"follow","max-snippet":"max-snippet:-1","max-image-preview":"max-image-preview:large","max-video-preview":"max-video-preview:-1"},"canonical":"https:\/\/www.betatrondoo.com\/product\/esl-digital-signage-price-tag-lcd-display-10-1-single-screen\/","og_locale":"en_US","og_type":"article","og_title":"ESL digital signage price tag LCD display 10.1 single screen -","og_description":"-HD ekran u punoj boji \u010dini prikaz proizvoda privla\u010dnijim za oko -Super veliki ekran od 10,1 in\u010da, super \u0161irok ugao gledanja, marketing bez brige -Fleksibilni softverski sistem podr\u017eava vi\u0161e formata kreativnih sadr\u017eaja sa bogatijim sadr\u017eajem -Podr\u0161ka za integraciju softvera sa vi\u0161e interfejsa za ostvarivanje objedinjenog upravljanja. -Ultra tanak dizajn, savr\u0161eno prilago\u0111en okru\u017eenju ekrana -Otporan na pra\u0161inu, prskanje i izdr\u017eljiv  CENA: 9990 + PDV","og_url":"https:\/\/www.betatrondoo.com\/product\/esl-digital-signage-price-tag-lcd-display-10-1-single-screen\/","article_publisher":"http:\/\/www.facebook.com\/BetatronDoo","article_modified_time":"2026-02-06T13:34:34+00:00","og_image":[{"width":800,"height":800,"url":"https:\/\/www.betatrondoo.com\/wp-content\/uploads\/2026\/02\/single-screen.jpg","type":"image\/jpeg"}],"twitter_card":"summary_large_image","twitter_misc":{"Est. reading time":"1 minute"},"schema":{"@context":"https:\/\/schema.org","@graph":[{"@type":"WebPage","@id":"https:\/\/www.betatrondoo.com\/product\/esl-digital-signage-price-tag-lcd-display-10-1-single-screen\/","url":"https:\/\/www.betatrondoo.com\/product\/esl-digital-signage-price-tag-lcd-display-10-1-single-screen\/","name":"ESL digital signage price tag LCD display 10.1 single screen -","isPartOf":{"@id":"https:\/\/www.betatrondoo.com\/sr\/#website"},"primaryImageOfPage":{"@id":"https:\/\/www.betatrondoo.com\/product\/esl-digital-signage-price-tag-lcd-display-10-1-single-screen\/#primaryimage"},"image":{"@id":"https:\/\/www.betatrondoo.com\/product\/esl-digital-signage-price-tag-lcd-display-10-1-single-screen\/#primaryimage"},"thumbnailUrl":"https:\/\/www.betatrondoo.com\/wp-content\/uploads\/2026\/02\/single-screen.jpg","datePublished":"2026-02-04T13:54:42+00:00","dateModified":"2026-02-06T13:34:34+00:00","breadcrumb":{"@id":"https:\/\/www.betatrondoo.com\/product\/esl-digital-signage-price-tag-lcd-display-10-1-single-screen\/#breadcrumb"},"inLanguage":"en-US","potentialAction":[{"@type":"ReadAction","target":["https:\/\/www.betatrondoo.com\/product\/esl-digital-signage-price-tag-lcd-display-10-1-single-screen\/"]}]},{"@type":"ImageObject","inLanguage":"en-US","@id":"https:\/\/www.betatrondoo.com\/product\/esl-digital-signage-price-tag-lcd-display-10-1-single-screen\/#primaryimage","url":"https:\/\/www.betatrondoo.com\/wp-content\/uploads\/2026\/02\/single-screen.jpg","contentUrl":"https:\/\/www.betatrondoo.com\/wp-content\/uploads\/2026\/02\/single-screen.jpg","width":800,"height":800},{"@type":"BreadcrumbList","@id":"https:\/\/www.betatrondoo.com\/product\/esl-digital-signage-price-tag-lcd-display-10-1-single-screen\/#breadcrumb","itemListElement":[{"@type":"ListItem","position":1,"name":"\u041f\u043e\u0447\u0435\u0442\u043d\u0430","item":"https:\/\/www.betatrondoo.com\/sr\/"},{"@type":"ListItem","position":2,"name":"POS EQUIPMENT&amp;TV PARTS","item":"https:\/\/www.betatrondoo.com\/en\/shop\/"},{"@type":"ListItem","position":3,"name":"ESL digital signage price tag LCD display 10.1 single screen"}]},{"@type":"WebSite","@id":"https:\/\/www.betatrondoo.com\/sr\/#website","url":"https:\/\/www.betatrondoo.com\/sr\/","name":"","description":"","potentialAction":[{"@type":"SearchAction","target":{"@type":"EntryPoint","urlTemplate":"https:\/\/www.betatrondoo.com\/sr\/?s={search_term_string}"},"query-input":{"@type":"PropertyValueSpecification","valueRequired":true,"valueName":"search_term_string"}}],"inLanguage":"en-US"}]}},"_links":{"self":[{"href":"https:\/\/www.betatrondoo.com\/en\/wp-json\/wp\/v2\/product\/6148","targetHints":{"allow":["GET"]}}],"collection":[{"href":"https:\/\/www.betatrondoo.com\/en\/wp-json\/wp\/v2\/product"}],"about":[{"href":"https:\/\/www.betatrondoo.com\/en\/wp-json\/wp\/v2\/types\/product"}],"replies":[{"embeddable":true,"href":"https:\/\/www.betatrondoo.com\/en\/wp-json\/wp\/v2\/comments?post=6148"}],"wp:featuredmedia":[{"embeddable":true,"href":"https:\/\/www.betatrondoo.com\/en\/wp-json\/wp\/v2\/media\/6149"}],"wp:attachment":[{"href":"https:\/\/www.betatrondoo.com\/en\/wp-json\/wp\/v2\/media?parent=6148"}],"curies":[{"name":"wp","href":"https:\/\/api.w.org\/{rel}","templated":true}]}}